{"id":356,"date":"2015-02-01T19:31:41","date_gmt":"2015-02-01T19:31:41","guid":{"rendered":"http:\/\/www.hs-niedringhaus.de\/?page_id=356"},"modified":"2018-03-04T13:07:58","modified_gmt":"2018-03-04T13:07:58","slug":"willkommen","status":"publish","type":"page","link":"https:\/\/www.hs-niedringhaus.de\/","title":{"rendered":"Willkommen"},"content":{"rendered":"<div id=\"pl-356\"  class=\"panel-layout\" ><div id=\"pg-356-0\"  class=\"panel-grid panel-no-style\" ><div id=\"pgc-356-0-0\"  class=\"panel-grid-cell\" ><div id=\"panel-356-0-0-0\" class=\"so-panel widget panel-first-child panel-last-child\" data-index=\"0\" ><\/div><\/div><\/div><div id=\"pg-356-1\"  class=\"panel-grid panel-no-style\" ><div id=\"pgc-356-1-0\"  class=\"panel-grid-cell\" ><div id=\"panel-356-1-0-0\" class=\"so-panel widget widget_sow-editor panel-first-child panel-last-child\" data-index=\"1\" ><div class=\"so-widget-sow-editor so-widget-sow-editor-base\">\n<div class=\"siteorigin-widget-tinymce textwidget\">\n\t<p>Herzlich Willkommen auf den Seiten des Hausmeister-Service Niedringhaus.<\/p>\n<p>Sie sind auf der Suche noch einem kompetenten Partner in den Bereichen Gr\u00fcnpflege, Baumpflege, Objektbetreuung oder andere handwerkliche Dienstleistungen?<\/p>\n<p>Dann sind Sie bei uns genau richtig!<\/p>\n<p>Als modernes Unternehmen bieten wir eine hohe Professionalit\u00e4t, langj\u00e4hrige Erfahrung und ein gro\u00dfes Leistungsspektrum.<\/p>\n<p>Fragen Sie einfach nach und nach einer kostenlosen Besichtigung k\u00f6nnen wir Ihnen n\u00e4heres \u00fcber unsere Arbeit und eventuelle Preise sagen.<\/p>\n<p>Unsere T\u00e4tigkeitsgebiete liegen in der Gemeinde H\u00fcllhorst sowie L\u00fcbbecke, Espelkamp, B\u00fcnde, Preu\u00dfisch Oldendorf, Bad Oeynhausen und L\u00f6hne. Auch \u00fcber die Grenzen des Kreis Herford oder des Kreis Minden L\u00fcbbecke hinweg sind wir immer f\u00fcr Sie da. F\u00fcr uns ist kein Weg zu weit.<\/p>\n<p>.<\/p>\n<\/div>\n<\/div><\/div><\/div><\/div><\/div>","protected":false},"excerpt":{"rendered":"<p>Herzlich Willkommen auf den Seiten des Hausmeister-Service Niedringhaus. Sie sind auf der Suche noch einem kompetenten Partner in den Bereichen Gr\u00fcnpflege, Baumpflege, Objektbetreuung oder andere handwerkliche Dienstleistungen? Dann sind Sie bei uns genau richtig! Als modernes Unternehmen bieten wir eine &hellip; <a class=\"kt-excerpt-readmore\" href=\"https:\/\/www.hs-niedringhaus.de\/\" aria-label=\"Willkommen\">Weiterlesen<\/a><\/p>\n","protected":false},"author":1,"featured_media":0,"parent":0,"menu_order":0,"comment_status":"open","ping_status":"open","template":"page-fullwidth.php","meta":{"spay_email":""},"jetpack_sharing_enabled":true,"jetpack_shortlink":"https:\/\/wp.me\/P5Q9We-5K","_links":{"self":[{"href":"https:\/\/www.hs-niedringhaus.de\/index.php?rest_route=\/wp\/v2\/pages\/356"}],"collection":[{"href":"https:\/\/www.hs-niedringhaus.de\/index.php?rest_route=\/wp\/v2\/pages"}],"about":[{"href":"https:\/\/www.hs-niedringhaus.de\/index.php?rest_route=\/wp\/v2\/types\/page"}],"author":[{"embeddable":true,"href":"https:\/\/www.hs-niedringhaus.de\/index.php?rest_route=\/wp\/v2\/users\/1"}],"replies":[{"embeddable":true,"href":"https:\/\/www.hs-niedringhaus.de\/index.php?rest_route=%2Fwp%2Fv2%2Fcomments&post=356"}],"version-history":[{"count":11,"href":"https:\/\/www.hs-niedringhaus.de\/index.php?rest_route=\/wp\/v2\/pages\/356\/revisions"}],"predecessor-version":[{"id":728,"href":"https:\/\/www.hs-niedringhaus.de\/index.php?rest_route=\/wp\/v2\/pages\/356\/revisions\/728"}],"wp:attachment":[{"href":"https:\/\/www.hs-niedringhaus.de\/index.php?rest_route=%2Fwp%2Fv2%2Fmedia&parent=356"}],"curies":[{"name":"wp","href":"https:\/\/api.w.org\/{rel}","templated":true}]}}