{"id":402,"date":"2015-02-01T21:29:18","date_gmt":"2015-02-01T21:29:18","guid":{"rendered":"http:\/\/www.hs-niedringhaus.de\/?page_id=402"},"modified":"2018-03-04T13:35:18","modified_gmt":"2018-03-04T13:35:18","slug":"ueber-uns","status":"publish","type":"page","link":"https:\/\/www.hs-niedringhaus.de\/?page_id=402","title":{"rendered":"\u00dcber uns"},"content":{"rendered":"<div id=\"pl-402\"  class=\"panel-layout\" ><div id=\"pg-402-0\"  class=\"panel-grid panel-no-style\" ><div id=\"pgc-402-0-0\"  class=\"panel-grid-cell\" ><div id=\"panel-402-0-0-0\" class=\"so-panel widget panel-first-child panel-last-child\" data-index=\"0\" ><\/div><\/div><\/div><div id=\"pg-402-1\"  class=\"panel-grid panel-no-style\" ><div id=\"pgc-402-1-0\"  class=\"panel-grid-cell\" ><div id=\"panel-402-1-0-0\" class=\"so-panel widget widget_sow-editor panel-first-child panel-last-child\" data-index=\"1\" ><div class=\"so-widget-sow-editor so-widget-sow-editor-base\">\n<div class=\"siteorigin-widget-tinymce textwidget\">\n\t<p>Seit der Gr\u00fcndung im Jahre 2009 bieten wir eine Rundum-Betreuung f\u00fcr Haus, Hof und Garten an. Fachliche Erfahrung und handwerkliches Geschick f\u00fchrten dazu, dass wir mittlerweile f\u00fcr einen dauerhaften und zufriedenen Kundenstamm arbeiten. Egal ob gewerblich, industriell oder private Belange. Durch hohe flexibilit\u00e4t erf\u00fcllen wir Ihre Auftr\u00e4ge stets zeitnah.<\/p>\n<p>Unseren Kunden stehen wir immer mit Rat und Tat zur Seite sodass keine W\u00fcnsche offen bleiben.<\/p>\n<p>Unser T\u00e4tigkeitsumfeld hat sich im laufe der Jahre sehr weit ausgedehnt sodass wir jetzt schon f\u00fcr Kunden in den Bereichen B\u00fcnde,L\u00fcbbecke, H\u00fcllhorst, Espelkamp, Stemwede, L\u00f6hne, Preu\u00dfisch Oldendorf und auch Bad Oeynhausen unterwegs sind. F\u00fcr uns ist kein Weg zu weit um Ihre W\u00fcnsche zu erf\u00fcllen. Egal ob Hausmeisterservice f\u00fcr Immobilien oder nur die einfache Gartenarbeit in Ihrem Garten, f\u00fcr uns gibt es kaum was, was wir nicht f\u00fcr Sie erledigen k\u00f6nnen und dies auch zu g\u00fcnstigen Preisen.<\/p>\n<p>Ein gro\u00dfer Bestand an speziellen Arbeitsger\u00e4ten l\u00e4sst keine W\u00fcnsche offen.<\/p>\n<p>Um unseren Service weiter auszubauen, bieten wir seit Neuestem auch einen Werkstattservice f\u00fcr Motorger\u00e4te an. Durch unsere fachlichen Mitarbeiter sind wir immer in der Lage, Ihre W\u00fcnsche individuell zu erf\u00fcllen. Den Inspektionsservice gibt es bei uns zum Festpreis. Sprechen Sie uns an.<\/p>\n<\/div>\n<\/div><\/div><\/div><\/div><\/div>","protected":false},"excerpt":{"rendered":"<p>Seit der Gr\u00fcndung im Jahre 2009 bieten wir eine Rundum-Betreuung f\u00fcr Haus, Hof und Garten an. Fachliche Erfahrung und handwerkliches Geschick f\u00fchrten dazu, dass wir mittlerweile f\u00fcr einen dauerhaften und zufriedenen Kundenstamm arbeiten. Egal ob gewerblich, industriell oder private Belange. &hellip; <a class=\"kt-excerpt-readmore\" href=\"https:\/\/www.hs-niedringhaus.de\/?page_id=402\" aria-label=\"\u00dcber uns\">Weiterlesen<\/a><\/p>\n","protected":false},"author":1,"featured_media":0,"parent":0,"menu_order":0,"comment_status":"open","ping_status":"open","template":"page-fullwidth.php","meta":{"spay_email":""},"jetpack_sharing_enabled":true,"jetpack_shortlink":"https:\/\/wp.me\/P5Q9We-6u","_links":{"self":[{"href":"https:\/\/www.hs-niedringhaus.de\/index.php?rest_route=\/wp\/v2\/pages\/402"}],"collection":[{"href":"https:\/\/www.hs-niedringhaus.de\/index.php?rest_route=\/wp\/v2\/pages"}],"about":[{"href":"https:\/\/www.hs-niedringhaus.de\/index.php?rest_route=\/wp\/v2\/types\/page"}],"author":[{"embeddable":true,"href":"https:\/\/www.hs-niedringhaus.de\/index.php?rest_route=\/wp\/v2\/users\/1"}],"replies":[{"embeddable":true,"href":"https:\/\/www.hs-niedringhaus.de\/index.php?rest_route=%2Fwp%2Fv2%2Fcomments&post=402"}],"version-history":[{"count":6,"href":"https:\/\/www.hs-niedringhaus.de\/index.php?rest_route=\/wp\/v2\/pages\/402\/revisions"}],"predecessor-version":[{"id":753,"href":"https:\/\/www.hs-niedringhaus.de\/index.php?rest_route=\/wp\/v2\/pages\/402\/revisions\/753"}],"wp:attachment":[{"href":"https:\/\/www.hs-niedringhaus.de\/index.php?rest_route=%2Fwp%2Fv2%2Fmedia&parent=402"}],"curies":[{"name":"wp","href":"https:\/\/api.w.org\/{rel}","templated":true}]}}