{"id":404,"date":"2015-02-01T21:32:27","date_gmt":"2015-02-01T21:32:27","guid":{"rendered":"http:\/\/www.hs-niedringhaus.de\/?page_id=404"},"modified":"2018-03-04T13:02:08","modified_gmt":"2018-03-04T13:02:08","slug":"gartenpflege","status":"publish","type":"page","link":"https:\/\/www.hs-niedringhaus.de\/?page_id=404","title":{"rendered":"Gartenpflege"},"content":{"rendered":"<div id=\"pl-404\"  class=\"panel-layout\" ><div id=\"pg-404-0\"  class=\"panel-grid panel-no-style\" ><div id=\"pgc-404-0-0\"  class=\"panel-grid-cell\" ><div id=\"panel-404-0-0-0\" class=\"so-panel widget panel-first-child panel-last-child\" data-index=\"0\" ><\/div><\/div><\/div><div id=\"pg-404-1\"  class=\"panel-grid panel-no-style\" ><div id=\"pgc-404-1-0\"  class=\"panel-grid-cell\" ><div id=\"panel-404-1-0-0\" class=\"so-panel widget widget_sow-editor panel-first-child panel-last-child\" data-index=\"1\" ><div class=\"so-widget-sow-editor so-widget-sow-editor-base\">\n<div class=\"siteorigin-widget-tinymce textwidget\">\n\t<p>Ein sch\u00f6ner Garten ist die Visitenkarte des Hauses. Deswegen ist es uns wichtig, Ihren Garten in Szene zu setzen. Egal ob Pflege oder Umgestaltung, bei uns sind Sie immer an der richtigen Adresse.<\/p>\n<p>Hier eine kleine \u00dcbersicht:<\/p>\n<ul>\n<li>M\u00e4harbeiten, vom Kleingarten bis zum Sportplatz<\/li>\n<li>Mulchen von Wiesenfl\u00e4chen<\/li>\n<li>Vertikutieren<\/li>\n<li>Heckenschnitt bis zu sechs Metern H\u00f6he<\/li>\n<li>Freischneiden von Wiesen, Zufahrten und Eing\u00e4ngen<\/li>\n<li>Laubbeseitigung<\/li>\n<li>Gr\u00fcnschnittentsorgung<\/li>\n<li>Pflanzung von Geh\u00f6lz und Zierpflanzen<\/li>\n<li>Anwendung von Pflanzenschutzmitteln<\/li>\n<li>Pflasterarbeiten<\/li>\n<li>Geh\u00f6lzschnitt<\/li>\n<li>Gr\u00fcnfl\u00e4chenunterhaltung<\/li>\n<li>Wiesenpflege<\/li>\n<li>Friedhofgestaltung und Grabpflege<\/li>\n<li>Objektbetreuung<\/li>\n<li>Beschaffung von Gartengr\u00fcn, Rindenmulch und alles was Ihren Garten sch\u00f6n aussehen l\u00e4sst<\/li>\n<li>Fr\u00e4sen von Gem\u00fcse- und Blumeng\u00e4rten<\/li>\n<li>Reinigung von Pflasterfl\u00e4chen<\/li>\n<\/ul>\n<p>&nbsp;<\/p>\n<div id=\"kad-wp-gallery826\" class=\"kad-wp-gallery gallery kt-gallery-column-9 init-isotope-intrinsic reinit-isotope kad-light-wp-gallery clearfix rowtight\" data-fade-in=\"1\" data-iso-selector=\".g_item\" data-iso-style=\"masonry\" data-iso-filter=\"false\"><div class=\"tcol-lg-2 tcol-md-2 tcol-sm-3 tcol-xs-4 tcol-ss-4 g_item\"><div class=\"grid_item kt_item_fade_in kad_gallery_fade_in gallery_item\"><div class=\"kt-intrinsic\" style=\"padding-bottom:75.217391304348%;\"><div itemprop=\"image\" itemscope itemtype=\"https:\/\/schema.org\/ImageObject\"><img width=\"230\" height=\"173\" src=\"https:\/\/www.hs-niedringhaus.de\/wp-content\/uploads\/2015\/02\/IMG_00601-230x173.jpg\" srcset=\"https:\/\/www.hs-niedringhaus.de\/wp-content\/uploads\/2015\/02\/IMG_00601-230x173.jpg 230w, https:\/\/www.hs-niedringhaus.de\/wp-content\/uploads\/2015\/02\/IMG_00601-300x225.jpg 300w, https:\/\/www.hs-niedringhaus.de\/wp-content\/uploads\/2015\/02\/IMG_00601-1024x768.jpg 1024w, https:\/\/www.hs-niedringhaus.de\/wp-content\/uploads\/2015\/02\/IMG_00601-460x346.jpg 460w\" sizes=\"(max-width: 230px) 100vw, 230px\" data-caption=\"\" class=\"light-dropshaddow\" itemprop=\"contentUrl\" alt=\"\"><meta itemprop=\"url\" content=\"https:\/\/www.hs-niedringhaus.de\/wp-content\/uploads\/2015\/02\/IMG_00601-230x173.jpg\"><meta itemprop=\"width\" content=\"230px\"><meta itemprop=\"height\" content=\"173px\"><\/div><\/div><\/div><\/div><div class=\"tcol-lg-2 tcol-md-2 tcol-sm-3 tcol-xs-4 tcol-ss-4 g_item\"><div class=\"grid_item kt_item_fade_in kad_gallery_fade_in gallery_item\"><div class=\"kt-intrinsic\" style=\"padding-bottom:75.217391304348%;\"><div itemprop=\"image\" itemscope itemtype=\"https:\/\/schema.org\/ImageObject\"><img width=\"230\" height=\"173\" src=\"https:\/\/www.hs-niedringhaus.de\/wp-content\/uploads\/2015\/02\/DSC04626-230x173.jpg\" srcset=\"https:\/\/www.hs-niedringhaus.de\/wp-content\/uploads\/2015\/02\/DSC04626-230x173.jpg 230w, https:\/\/www.hs-niedringhaus.de\/wp-content\/uploads\/2015\/02\/DSC04626-300x225.jpg 300w, https:\/\/www.hs-niedringhaus.de\/wp-content\/uploads\/2015\/02\/DSC04626-1024x768.jpg 1024w, https:\/\/www.hs-niedringhaus.de\/wp-content\/uploads\/2015\/02\/DSC04626-460x346.jpg 460w\" sizes=\"(max-width: 230px) 100vw, 230px\" data-caption=\"\" class=\"light-dropshaddow\" itemprop=\"contentUrl\" alt=\"\"><meta itemprop=\"url\" content=\"https:\/\/www.hs-niedringhaus.de\/wp-content\/uploads\/2015\/02\/DSC04626-230x173.jpg\"><meta itemprop=\"width\" content=\"230px\"><meta itemprop=\"height\" content=\"173px\"><\/div><\/div><\/div><\/div><div class=\"tcol-lg-2 tcol-md-2 tcol-sm-3 tcol-xs-4 tcol-ss-4 g_item\"><div class=\"grid_item kt_item_fade_in kad_gallery_fade_in gallery_item\"><div class=\"kt-intrinsic\" style=\"padding-bottom:75.217391304348%;\"><div itemprop=\"image\" itemscope itemtype=\"https:\/\/schema.org\/ImageObject\"><img width=\"230\" height=\"173\" src=\"https:\/\/www.hs-niedringhaus.de\/wp-content\/uploads\/2015\/05\/IMG_0315-230x173.jpg\" srcset=\"https:\/\/www.hs-niedringhaus.de\/wp-content\/uploads\/2015\/05\/IMG_0315-230x173.jpg 230w, https:\/\/www.hs-niedringhaus.de\/wp-content\/uploads\/2015\/05\/IMG_0315-300x225.jpg 300w, https:\/\/www.hs-niedringhaus.de\/wp-content\/uploads\/2015\/05\/IMG_0315-1024x768.jpg 1024w, https:\/\/www.hs-niedringhaus.de\/wp-content\/uploads\/2015\/05\/IMG_0315-460x346.jpg 460w\" sizes=\"(max-width: 230px) 100vw, 230px\" data-caption=\"\" class=\"light-dropshaddow\" itemprop=\"contentUrl\" alt=\"\"><meta itemprop=\"url\" content=\"https:\/\/www.hs-niedringhaus.de\/wp-content\/uploads\/2015\/05\/IMG_0315-230x173.jpg\"><meta itemprop=\"width\" content=\"230px\"><meta itemprop=\"height\" content=\"173px\"><\/div><\/div><\/div><\/div><div class=\"tcol-lg-2 tcol-md-2 tcol-sm-3 tcol-xs-4 tcol-ss-4 g_item\"><div class=\"grid_item kt_item_fade_in kad_gallery_fade_in gallery_item\"><div class=\"kt-intrinsic\" style=\"padding-bottom:75.217391304348%;\"><div itemprop=\"image\" itemscope itemtype=\"https:\/\/schema.org\/ImageObject\"><img width=\"230\" height=\"173\" src=\"https:\/\/www.hs-niedringhaus.de\/wp-content\/uploads\/2015\/02\/IMG_00931-230x173.jpg\" srcset=\"https:\/\/www.hs-niedringhaus.de\/wp-content\/uploads\/2015\/02\/IMG_00931-230x173.jpg 230w, https:\/\/www.hs-niedringhaus.de\/wp-content\/uploads\/2015\/02\/IMG_00931-300x225.jpg 300w, https:\/\/www.hs-niedringhaus.de\/wp-content\/uploads\/2015\/02\/IMG_00931-1024x768.jpg 1024w, https:\/\/www.hs-niedringhaus.de\/wp-content\/uploads\/2015\/02\/IMG_00931-460x346.jpg 460w\" sizes=\"(max-width: 230px) 100vw, 230px\" data-caption=\"\" class=\"light-dropshaddow\" itemprop=\"contentUrl\" alt=\"\"><meta itemprop=\"url\" content=\"https:\/\/www.hs-niedringhaus.de\/wp-content\/uploads\/2015\/02\/IMG_00931-230x173.jpg\"><meta itemprop=\"width\" content=\"230px\"><meta itemprop=\"height\" content=\"173px\"><\/div><\/div><\/div><\/div><div class=\"tcol-lg-2 tcol-md-2 tcol-sm-3 tcol-xs-4 tcol-ss-4 g_item\"><div class=\"grid_item kt_item_fade_in kad_gallery_fade_in gallery_item\"><div class=\"kt-intrinsic\" style=\"padding-bottom:133.47826086957%;\"><div itemprop=\"image\" itemscope itemtype=\"https:\/\/schema.org\/ImageObject\"><img width=\"230\" height=\"307\" src=\"https:\/\/www.hs-niedringhaus.de\/wp-content\/uploads\/2015\/02\/IMG_0238-e1424634381415-230x307.jpg\" srcset=\"https:\/\/www.hs-niedringhaus.de\/wp-content\/uploads\/2015\/02\/IMG_0238-e1424634381415-230x307.jpg 230w, https:\/\/www.hs-niedringhaus.de\/wp-content\/uploads\/2015\/02\/IMG_0238-e1424634381415-225x300.jpg 225w, https:\/\/www.hs-niedringhaus.de\/wp-content\/uploads\/2015\/02\/IMG_0238-e1424634381415-768x1024.jpg 768w, https:\/\/www.hs-niedringhaus.de\/wp-content\/uploads\/2015\/02\/IMG_0238-e1424634381415-460x614.jpg 460w\" sizes=\"(max-width: 230px) 100vw, 230px\" data-caption=\"\" class=\"light-dropshaddow\" itemprop=\"contentUrl\" alt=\"\"><meta itemprop=\"url\" content=\"https:\/\/www.hs-niedringhaus.de\/wp-content\/uploads\/2015\/02\/IMG_0238-e1424634381415-230x307.jpg\"><meta itemprop=\"width\" content=\"230px\"><meta itemprop=\"height\" content=\"307px\"><\/div><\/div><\/div><\/div><div class=\"tcol-lg-2 tcol-md-2 tcol-sm-3 tcol-xs-4 tcol-ss-4 g_item\"><div class=\"grid_item kt_item_fade_in kad_gallery_fade_in gallery_item\"><div class=\"kt-intrinsic\" style=\"padding-bottom:75.217391304348%;\"><div itemprop=\"image\" itemscope itemtype=\"https:\/\/schema.org\/ImageObject\"><img width=\"230\" height=\"173\" src=\"https:\/\/www.hs-niedringhaus.de\/wp-content\/uploads\/2015\/02\/IMG_0138-230x173.jpg\" srcset=\"https:\/\/www.hs-niedringhaus.de\/wp-content\/uploads\/2015\/02\/IMG_0138-230x173.jpg 230w, https:\/\/www.hs-niedringhaus.de\/wp-content\/uploads\/2015\/02\/IMG_0138-300x225.jpg 300w, https:\/\/www.hs-niedringhaus.de\/wp-content\/uploads\/2015\/02\/IMG_0138-1024x768.jpg 1024w, https:\/\/www.hs-niedringhaus.de\/wp-content\/uploads\/2015\/02\/IMG_0138-460x346.jpg 460w\" sizes=\"(max-width: 230px) 100vw, 230px\" data-caption=\"\" class=\"light-dropshaddow\" itemprop=\"contentUrl\" alt=\"\"><meta itemprop=\"url\" content=\"https:\/\/www.hs-niedringhaus.de\/wp-content\/uploads\/2015\/02\/IMG_0138-230x173.jpg\"><meta itemprop=\"width\" content=\"230px\"><meta itemprop=\"height\" content=\"173px\"><\/div><\/div><\/div><\/div><div class=\"tcol-lg-2 tcol-md-2 tcol-sm-3 tcol-xs-4 tcol-ss-4 g_item\"><div class=\"grid_item kt_item_fade_in kad_gallery_fade_in gallery_item\"><div class=\"kt-intrinsic\" style=\"padding-bottom:75.217391304348%;\"><div itemprop=\"image\" itemscope itemtype=\"https:\/\/schema.org\/ImageObject\"><img width=\"230\" height=\"173\" src=\"https:\/\/www.hs-niedringhaus.de\/wp-content\/uploads\/2015\/04\/IMG_0297-230x173.jpg\" srcset=\"https:\/\/www.hs-niedringhaus.de\/wp-content\/uploads\/2015\/04\/IMG_0297-230x173.jpg 230w, https:\/\/www.hs-niedringhaus.de\/wp-content\/uploads\/2015\/04\/IMG_0297-300x225.jpg 300w, https:\/\/www.hs-niedringhaus.de\/wp-content\/uploads\/2015\/04\/IMG_0297-1024x768.jpg 1024w, https:\/\/www.hs-niedringhaus.de\/wp-content\/uploads\/2015\/04\/IMG_0297-460x346.jpg 460w\" sizes=\"(max-width: 230px) 100vw, 230px\" data-caption=\"\" class=\"light-dropshaddow\" itemprop=\"contentUrl\" alt=\"\"><meta itemprop=\"url\" content=\"https:\/\/www.hs-niedringhaus.de\/wp-content\/uploads\/2015\/04\/IMG_0297-230x173.jpg\"><meta itemprop=\"width\" content=\"230px\"><meta itemprop=\"height\" content=\"173px\"><\/div><\/div><\/div><\/div><div class=\"tcol-lg-2 tcol-md-2 tcol-sm-3 tcol-xs-4 tcol-ss-4 g_item\"><div class=\"grid_item kt_item_fade_in kad_gallery_fade_in gallery_item\"><div class=\"kt-intrinsic\" style=\"padding-bottom:75.217391304348%;\"><div itemprop=\"image\" itemscope itemtype=\"https:\/\/schema.org\/ImageObject\"><img width=\"230\" height=\"173\" src=\"https:\/\/www.hs-niedringhaus.de\/wp-content\/uploads\/2015\/03\/IMG_0255-230x173.jpg\" srcset=\"https:\/\/www.hs-niedringhaus.de\/wp-content\/uploads\/2015\/03\/IMG_0255-230x173.jpg 230w, https:\/\/www.hs-niedringhaus.de\/wp-content\/uploads\/2015\/03\/IMG_0255-300x225.jpg 300w, https:\/\/www.hs-niedringhaus.de\/wp-content\/uploads\/2015\/03\/IMG_0255-1024x768.jpg 1024w, https:\/\/www.hs-niedringhaus.de\/wp-content\/uploads\/2015\/03\/IMG_0255-460x346.jpg 460w\" sizes=\"(max-width: 230px) 100vw, 230px\" data-caption=\"\" class=\"light-dropshaddow\" itemprop=\"contentUrl\" alt=\"\"><meta itemprop=\"url\" content=\"https:\/\/www.hs-niedringhaus.de\/wp-content\/uploads\/2015\/03\/IMG_0255-230x173.jpg\"><meta itemprop=\"width\" content=\"230px\"><meta itemprop=\"height\" content=\"173px\"><\/div><\/div><\/div><\/div><div class=\"tcol-lg-2 tcol-md-2 tcol-sm-3 tcol-xs-4 tcol-ss-4 g_item\"><div class=\"grid_item kt_item_fade_in kad_gallery_fade_in gallery_item\"><div class=\"kt-intrinsic\" style=\"padding-bottom:75.217391304348%;\"><div itemprop=\"image\" itemscope itemtype=\"https:\/\/schema.org\/ImageObject\"><img width=\"230\" height=\"173\" src=\"https:\/\/www.hs-niedringhaus.de\/wp-content\/uploads\/2015\/03\/IMG_0252-230x173.jpg\" srcset=\"https:\/\/www.hs-niedringhaus.de\/wp-content\/uploads\/2015\/03\/IMG_0252-230x173.jpg 230w, https:\/\/www.hs-niedringhaus.de\/wp-content\/uploads\/2015\/03\/IMG_0252-300x225.jpg 300w, https:\/\/www.hs-niedringhaus.de\/wp-content\/uploads\/2015\/03\/IMG_0252-1024x768.jpg 1024w, https:\/\/www.hs-niedringhaus.de\/wp-content\/uploads\/2015\/03\/IMG_0252-460x346.jpg 460w\" sizes=\"(max-width: 230px) 100vw, 230px\" data-caption=\"\" class=\"light-dropshaddow\" itemprop=\"contentUrl\" alt=\"\"><meta itemprop=\"url\" content=\"https:\/\/www.hs-niedringhaus.de\/wp-content\/uploads\/2015\/03\/IMG_0252-230x173.jpg\"><meta itemprop=\"width\" content=\"230px\"><meta itemprop=\"height\" content=\"173px\"><\/div><\/div><\/div><\/div><div class=\"tcol-lg-2 tcol-md-2 tcol-sm-3 tcol-xs-4 tcol-ss-4 g_item\"><div class=\"grid_item kt_item_fade_in kad_gallery_fade_in gallery_item\"><div class=\"kt-intrinsic\" style=\"padding-bottom:75.217391304348%;\"><div itemprop=\"image\" itemscope itemtype=\"https:\/\/schema.org\/ImageObject\"><img width=\"230\" height=\"173\" src=\"https:\/\/www.hs-niedringhaus.de\/wp-content\/uploads\/2015\/03\/IMG_0266-230x173.jpg\" srcset=\"https:\/\/www.hs-niedringhaus.de\/wp-content\/uploads\/2015\/03\/IMG_0266-230x173.jpg 230w, https:\/\/www.hs-niedringhaus.de\/wp-content\/uploads\/2015\/03\/IMG_0266-300x225.jpg 300w, https:\/\/www.hs-niedringhaus.de\/wp-content\/uploads\/2015\/03\/IMG_0266-1024x768.jpg 1024w, https:\/\/www.hs-niedringhaus.de\/wp-content\/uploads\/2015\/03\/IMG_0266-460x346.jpg 460w\" sizes=\"(max-width: 230px) 100vw, 230px\" data-caption=\"\" class=\"light-dropshaddow\" itemprop=\"contentUrl\" alt=\"\"><meta itemprop=\"url\" content=\"https:\/\/www.hs-niedringhaus.de\/wp-content\/uploads\/2015\/03\/IMG_0266-230x173.jpg\"><meta itemprop=\"width\" content=\"230px\"><meta itemprop=\"height\" content=\"173px\"><\/div><\/div><\/div><\/div><div class=\"tcol-lg-2 tcol-md-2 tcol-sm-3 tcol-xs-4 tcol-ss-4 g_item\"><div class=\"grid_item kt_item_fade_in kad_gallery_fade_in gallery_item\"><div class=\"kt-intrinsic\" style=\"padding-bottom:75.217391304348%;\"><div itemprop=\"image\" itemscope itemtype=\"https:\/\/schema.org\/ImageObject\"><img width=\"230\" height=\"173\" src=\"https:\/\/www.hs-niedringhaus.de\/wp-content\/uploads\/2015\/03\/IMG_0268-230x173.jpg\" srcset=\"https:\/\/www.hs-niedringhaus.de\/wp-content\/uploads\/2015\/03\/IMG_0268-230x173.jpg 230w, https:\/\/www.hs-niedringhaus.de\/wp-content\/uploads\/2015\/03\/IMG_0268-300x225.jpg 300w, https:\/\/www.hs-niedringhaus.de\/wp-content\/uploads\/2015\/03\/IMG_0268-1024x768.jpg 1024w, https:\/\/www.hs-niedringhaus.de\/wp-content\/uploads\/2015\/03\/IMG_0268-460x346.jpg 460w\" sizes=\"(max-width: 230px) 100vw, 230px\" data-caption=\"\" class=\"light-dropshaddow\" itemprop=\"contentUrl\" alt=\"\"><meta itemprop=\"url\" content=\"https:\/\/www.hs-niedringhaus.de\/wp-content\/uploads\/2015\/03\/IMG_0268-230x173.jpg\"><meta itemprop=\"width\" content=\"230px\"><meta itemprop=\"height\" content=\"173px\"><\/div><\/div><\/div><\/div><div class=\"tcol-lg-2 tcol-md-2 tcol-sm-3 tcol-xs-4 tcol-ss-4 g_item\"><div class=\"grid_item kt_item_fade_in kad_gallery_fade_in gallery_item\"><div class=\"kt-intrinsic\" style=\"padding-bottom:75.217391304348%;\"><div itemprop=\"image\" itemscope itemtype=\"https:\/\/schema.org\/ImageObject\"><img width=\"230\" height=\"173\" src=\"https:\/\/www.hs-niedringhaus.de\/wp-content\/uploads\/2015\/03\/IMG_0262-230x173.jpg\" srcset=\"https:\/\/www.hs-niedringhaus.de\/wp-content\/uploads\/2015\/03\/IMG_0262-230x173.jpg 230w, https:\/\/www.hs-niedringhaus.de\/wp-content\/uploads\/2015\/03\/IMG_0262-300x225.jpg 300w, https:\/\/www.hs-niedringhaus.de\/wp-content\/uploads\/2015\/03\/IMG_0262-1024x768.jpg 1024w, https:\/\/www.hs-niedringhaus.de\/wp-content\/uploads\/2015\/03\/IMG_0262-460x346.jpg 460w\" sizes=\"(max-width: 230px) 100vw, 230px\" data-caption=\"\" class=\"light-dropshaddow\" itemprop=\"contentUrl\" alt=\"\"><meta itemprop=\"url\" content=\"https:\/\/www.hs-niedringhaus.de\/wp-content\/uploads\/2015\/03\/IMG_0262-230x173.jpg\"><meta itemprop=\"width\" content=\"230px\"><meta itemprop=\"height\" content=\"173px\"><\/div><\/div><\/div><\/div><div class=\"tcol-lg-2 tcol-md-2 tcol-sm-3 tcol-xs-4 tcol-ss-4 g_item\"><div class=\"grid_item kt_item_fade_in kad_gallery_fade_in gallery_item\"><div class=\"kt-intrinsic\" style=\"padding-bottom:75.217391304348%;\"><div itemprop=\"image\" itemscope itemtype=\"https:\/\/schema.org\/ImageObject\"><img width=\"230\" height=\"173\" src=\"https:\/\/www.hs-niedringhaus.de\/wp-content\/uploads\/2015\/03\/IMG_0260-230x173.jpg\" srcset=\"https:\/\/www.hs-niedringhaus.de\/wp-content\/uploads\/2015\/03\/IMG_0260-230x173.jpg 230w, https:\/\/www.hs-niedringhaus.de\/wp-content\/uploads\/2015\/03\/IMG_0260-300x225.jpg 300w, https:\/\/www.hs-niedringhaus.de\/wp-content\/uploads\/2015\/03\/IMG_0260-1024x768.jpg 1024w, https:\/\/www.hs-niedringhaus.de\/wp-content\/uploads\/2015\/03\/IMG_0260-460x346.jpg 460w\" sizes=\"(max-width: 230px) 100vw, 230px\" data-caption=\"\" class=\"light-dropshaddow\" itemprop=\"contentUrl\" alt=\"\"><meta itemprop=\"url\" content=\"https:\/\/www.hs-niedringhaus.de\/wp-content\/uploads\/2015\/03\/IMG_0260-230x173.jpg\"><meta itemprop=\"width\" content=\"230px\"><meta itemprop=\"height\" content=\"173px\"><\/div><\/div><\/div><\/div><div class=\"tcol-lg-2 tcol-md-2 tcol-sm-3 tcol-xs-4 tcol-ss-4 g_item\"><div class=\"grid_item kt_item_fade_in kad_gallery_fade_in gallery_item\"><div class=\"kt-intrinsic\" style=\"padding-bottom:75.217391304348%;\"><div itemprop=\"image\" itemscope itemtype=\"https:\/\/schema.org\/ImageObject\"><img width=\"230\" height=\"173\" src=\"https:\/\/www.hs-niedringhaus.de\/wp-content\/uploads\/2015\/05\/IMG_0320-230x173.jpg\" srcset=\"https:\/\/www.hs-niedringhaus.de\/wp-content\/uploads\/2015\/05\/IMG_0320-230x173.jpg 230w, https:\/\/www.hs-niedringhaus.de\/wp-content\/uploads\/2015\/05\/IMG_0320-300x225.jpg 300w, https:\/\/www.hs-niedringhaus.de\/wp-content\/uploads\/2015\/05\/IMG_0320-1024x768.jpg 1024w, https:\/\/www.hs-niedringhaus.de\/wp-content\/uploads\/2015\/05\/IMG_0320-460x346.jpg 460w\" sizes=\"(max-width: 230px) 100vw, 230px\" data-caption=\"\" class=\"light-dropshaddow\" itemprop=\"contentUrl\" alt=\"\"><meta itemprop=\"url\" content=\"https:\/\/www.hs-niedringhaus.de\/wp-content\/uploads\/2015\/05\/IMG_0320-230x173.jpg\"><meta itemprop=\"width\" content=\"230px\"><meta itemprop=\"height\" content=\"173px\"><\/div><\/div><\/div><\/div><div class=\"tcol-lg-2 tcol-md-2 tcol-sm-3 tcol-xs-4 tcol-ss-4 g_item\"><div class=\"grid_item kt_item_fade_in kad_gallery_fade_in gallery_item\"><div class=\"kt-intrinsic\" style=\"padding-bottom:75.217391304348%;\"><div itemprop=\"image\" itemscope itemtype=\"https:\/\/schema.org\/ImageObject\"><img width=\"230\" height=\"173\" src=\"https:\/\/www.hs-niedringhaus.de\/wp-content\/uploads\/2015\/02\/IMG_0072-230x173.jpg\" srcset=\"https:\/\/www.hs-niedringhaus.de\/wp-content\/uploads\/2015\/02\/IMG_0072-230x173.jpg 230w, https:\/\/www.hs-niedringhaus.de\/wp-content\/uploads\/2015\/02\/IMG_0072-300x225.jpg 300w, https:\/\/www.hs-niedringhaus.de\/wp-content\/uploads\/2015\/02\/IMG_0072-1024x768.jpg 1024w, https:\/\/www.hs-niedringhaus.de\/wp-content\/uploads\/2015\/02\/IMG_0072-460x346.jpg 460w\" sizes=\"(max-width: 230px) 100vw, 230px\" data-caption=\"\" class=\"light-dropshaddow\" itemprop=\"contentUrl\" alt=\"\"><meta itemprop=\"url\" content=\"https:\/\/www.hs-niedringhaus.de\/wp-content\/uploads\/2015\/02\/IMG_0072-230x173.jpg\"><meta itemprop=\"width\" content=\"230px\"><meta itemprop=\"height\" content=\"173px\"><\/div><\/div><\/div><\/div><div class=\"tcol-lg-2 tcol-md-2 tcol-sm-3 tcol-xs-4 tcol-ss-4 g_item\"><div class=\"grid_item kt_item_fade_in kad_gallery_fade_in gallery_item\"><div class=\"kt-intrinsic\" style=\"padding-bottom:133.47826086957%;\"><div itemprop=\"image\" itemscope itemtype=\"https:\/\/schema.org\/ImageObject\"><img width=\"230\" height=\"307\" src=\"https:\/\/www.hs-niedringhaus.de\/wp-content\/uploads\/2015\/02\/IMG_0158-e1424634433946-230x307.jpg\" srcset=\"https:\/\/www.hs-niedringhaus.de\/wp-content\/uploads\/2015\/02\/IMG_0158-e1424634433946-230x307.jpg 230w, https:\/\/www.hs-niedringhaus.de\/wp-content\/uploads\/2015\/02\/IMG_0158-e1424634433946-225x300.jpg 225w, https:\/\/www.hs-niedringhaus.de\/wp-content\/uploads\/2015\/02\/IMG_0158-e1424634433946-768x1024.jpg 768w, https:\/\/www.hs-niedringhaus.de\/wp-content\/uploads\/2015\/02\/IMG_0158-e1424634433946-460x614.jpg 460w\" sizes=\"(max-width: 230px) 100vw, 230px\" data-caption=\"\" class=\"light-dropshaddow\" itemprop=\"contentUrl\" alt=\"\"><meta itemprop=\"url\" content=\"https:\/\/www.hs-niedringhaus.de\/wp-content\/uploads\/2015\/02\/IMG_0158-e1424634433946-230x307.jpg\"><meta itemprop=\"width\" content=\"230px\"><meta itemprop=\"height\" content=\"307px\"><\/div><\/div><\/div><\/div><div class=\"tcol-lg-2 tcol-md-2 tcol-sm-3 tcol-xs-4 tcol-ss-4 g_item\"><div class=\"grid_item kt_item_fade_in kad_gallery_fade_in gallery_item\"><div class=\"kt-intrinsic\" style=\"padding-bottom:75.217391304348%;\"><div itemprop=\"image\" itemscope itemtype=\"https:\/\/schema.org\/ImageObject\"><img width=\"230\" height=\"173\" src=\"https:\/\/www.hs-niedringhaus.de\/wp-content\/uploads\/2015\/03\/IMG_0271-230x173.jpg\" srcset=\"https:\/\/www.hs-niedringhaus.de\/wp-content\/uploads\/2015\/03\/IMG_0271-230x173.jpg 230w, https:\/\/www.hs-niedringhaus.de\/wp-content\/uploads\/2015\/03\/IMG_0271-300x225.jpg 300w, https:\/\/www.hs-niedringhaus.de\/wp-content\/uploads\/2015\/03\/IMG_0271-1024x768.jpg 1024w, https:\/\/www.hs-niedringhaus.de\/wp-content\/uploads\/2015\/03\/IMG_0271-460x346.jpg 460w\" sizes=\"(max-width: 230px) 100vw, 230px\" data-caption=\"\" class=\"light-dropshaddow\" itemprop=\"contentUrl\" alt=\"\"><meta itemprop=\"url\" content=\"https:\/\/www.hs-niedringhaus.de\/wp-content\/uploads\/2015\/03\/IMG_0271-230x173.jpg\"><meta itemprop=\"width\" content=\"230px\"><meta itemprop=\"height\" content=\"173px\"><\/div><\/div><\/div><\/div><div class=\"tcol-lg-2 tcol-md-2 tcol-sm-3 tcol-xs-4 tcol-ss-4 g_item\"><div class=\"grid_item kt_item_fade_in kad_gallery_fade_in gallery_item\"><div class=\"kt-intrinsic\" style=\"padding-bottom:75.217391304348%;\"><div itemprop=\"image\" itemscope itemtype=\"https:\/\/schema.org\/ImageObject\"><img width=\"230\" height=\"173\" src=\"https:\/\/www.hs-niedringhaus.de\/wp-content\/uploads\/2015\/04\/IMG_0290-230x173.jpg\" srcset=\"https:\/\/www.hs-niedringhaus.de\/wp-content\/uploads\/2015\/04\/IMG_0290-230x173.jpg 230w, https:\/\/www.hs-niedringhaus.de\/wp-content\/uploads\/2015\/04\/IMG_0290-300x225.jpg 300w, https:\/\/www.hs-niedringhaus.de\/wp-content\/uploads\/2015\/04\/IMG_0290-1024x768.jpg 1024w, https:\/\/www.hs-niedringhaus.de\/wp-content\/uploads\/2015\/04\/IMG_0290-460x346.jpg 460w\" sizes=\"(max-width: 230px) 100vw, 230px\" data-caption=\"\" class=\"light-dropshaddow\" itemprop=\"contentUrl\" alt=\"\"><meta itemprop=\"url\" content=\"https:\/\/www.hs-niedringhaus.de\/wp-content\/uploads\/2015\/04\/IMG_0290-230x173.jpg\"><meta itemprop=\"width\" content=\"230px\"><meta itemprop=\"height\" content=\"173px\"><\/div><\/div><\/div><\/div><div class=\"tcol-lg-2 tcol-md-2 tcol-sm-3 tcol-xs-4 tcol-ss-4 g_item\"><div class=\"grid_item kt_item_fade_in kad_gallery_fade_in gallery_item\"><div class=\"kt-intrinsic\" style=\"padding-bottom:75.217391304348%;\"><div itemprop=\"image\" itemscope itemtype=\"https:\/\/schema.org\/ImageObject\"><img width=\"230\" height=\"173\" src=\"https:\/\/www.hs-niedringhaus.de\/wp-content\/uploads\/2015\/04\/IMG_0296-230x173.jpg\" srcset=\"https:\/\/www.hs-niedringhaus.de\/wp-content\/uploads\/2015\/04\/IMG_0296-230x173.jpg 230w, https:\/\/www.hs-niedringhaus.de\/wp-content\/uploads\/2015\/04\/IMG_0296-300x225.jpg 300w, https:\/\/www.hs-niedringhaus.de\/wp-content\/uploads\/2015\/04\/IMG_0296-1024x768.jpg 1024w, https:\/\/www.hs-niedringhaus.de\/wp-content\/uploads\/2015\/04\/IMG_0296-460x346.jpg 460w\" sizes=\"(max-width: 230px) 100vw, 230px\" data-caption=\"\" class=\"light-dropshaddow\" itemprop=\"contentUrl\" alt=\"\"><meta itemprop=\"url\" content=\"https:\/\/www.hs-niedringhaus.de\/wp-content\/uploads\/2015\/04\/IMG_0296-230x173.jpg\"><meta itemprop=\"width\" content=\"230px\"><meta itemprop=\"height\" content=\"173px\"><\/div><\/div><\/div><\/div><div class=\"tcol-lg-2 tcol-md-2 tcol-sm-3 tcol-xs-4 tcol-ss-4 g_item\"><div class=\"grid_item kt_item_fade_in kad_gallery_fade_in gallery_item\"><div class=\"kt-intrinsic\" style=\"padding-bottom:75.217391304348%;\"><div itemprop=\"image\" itemscope itemtype=\"https:\/\/schema.org\/ImageObject\"><img width=\"230\" height=\"173\" src=\"https:\/\/www.hs-niedringhaus.de\/wp-content\/uploads\/2015\/07\/IMG_0591-230x173.jpg\" srcset=\"https:\/\/www.hs-niedringhaus.de\/wp-content\/uploads\/2015\/07\/IMG_0591-230x173.jpg 230w, https:\/\/www.hs-niedringhaus.de\/wp-content\/uploads\/2015\/07\/IMG_0591-300x225.jpg 300w, https:\/\/www.hs-niedringhaus.de\/wp-content\/uploads\/2015\/07\/IMG_0591-1024x768.jpg 1024w, https:\/\/www.hs-niedringhaus.de\/wp-content\/uploads\/2015\/07\/IMG_0591-460x346.jpg 460w\" sizes=\"(max-width: 230px) 100vw, 230px\" data-caption=\"\" class=\"light-dropshaddow\" itemprop=\"contentUrl\" alt=\"\"><meta itemprop=\"url\" content=\"https:\/\/www.hs-niedringhaus.de\/wp-content\/uploads\/2015\/07\/IMG_0591-230x173.jpg\"><meta itemprop=\"width\" content=\"230px\"><meta itemprop=\"height\" content=\"173px\"><\/div><\/div><\/div><\/div><\/div>\n<p>&nbsp;<\/p>\n<\/div>\n<\/div><\/div><\/div><\/div><\/div>","protected":false},"excerpt":{"rendered":"<p>Ein sch\u00f6ner Garten ist die Visitenkarte des Hauses. Deswegen ist es uns wichtig, Ihren Garten in Szene zu setzen. Egal ob Pflege oder Umgestaltung, bei uns sind Sie immer an der richtigen Adresse. Hier eine kleine \u00dcbersicht: M\u00e4harbeiten, vom Kleingarten &hellip; <a class=\"kt-excerpt-readmore\" href=\"https:\/\/www.hs-niedringhaus.de\/?page_id=404\" aria-label=\"Gartenpflege\">Weiterlesen<\/a><\/p>\n","protected":false},"author":1,"featured_media":0,"parent":0,"menu_order":0,"comment_status":"open","ping_status":"open","template":"page-fullwidth.php","meta":{"spay_email":""},"jetpack_sharing_enabled":true,"jetpack_shortlink":"https:\/\/wp.me\/P5Q9We-6w","_links":{"self":[{"href":"https:\/\/www.hs-niedringhaus.de\/index.php?rest_route=\/wp\/v2\/pages\/404"}],"collection":[{"href":"https:\/\/www.hs-niedringhaus.de\/index.php?rest_route=\/wp\/v2\/pages"}],"about":[{"href":"https:\/\/www.hs-niedringhaus.de\/index.php?rest_route=\/wp\/v2\/types\/page"}],"author":[{"embeddable":true,"href":"https:\/\/www.hs-niedringhaus.de\/index.php?rest_route=\/wp\/v2\/users\/1"}],"replies":[{"embeddable":true,"href":"https:\/\/www.hs-niedringhaus.de\/index.php?rest_route=%2Fwp%2Fv2%2Fcomments&post=404"}],"version-history":[{"count":23,"href":"https:\/\/www.hs-niedringhaus.de\/index.php?rest_route=\/wp\/v2\/pages\/404\/revisions"}],"predecessor-version":[{"id":724,"href":"https:\/\/www.hs-niedringhaus.de\/index.php?rest_route=\/wp\/v2\/pages\/404\/revisions\/724"}],"wp:attachment":[{"href":"https:\/\/www.hs-niedringhaus.de\/index.php?rest_route=%2Fwp%2Fv2%2Fmedia&parent=404"}],"curies":[{"name":"wp","href":"https:\/\/api.w.org\/{rel}","templated":true}]}}