{"id":406,"date":"2015-02-01T21:34:16","date_gmt":"2015-02-01T21:34:16","guid":{"rendered":"http:\/\/www.hs-niedringhaus.de\/?page_id=406"},"modified":"2018-03-04T13:17:38","modified_gmt":"2018-03-04T13:17:38","slug":"baumpflege","status":"publish","type":"page","link":"https:\/\/www.hs-niedringhaus.de\/?page_id=406","title":{"rendered":"Baumpflege"},"content":{"rendered":"<div id=\"pl-406\"  class=\"panel-layout\" ><div id=\"pg-406-0\"  class=\"panel-grid panel-no-style\" ><div id=\"pgc-406-0-0\"  class=\"panel-grid-cell\" ><div id=\"panel-406-0-0-0\" class=\"so-panel widget panel-first-child panel-last-child\" data-index=\"0\" ><\/div><\/div><\/div><div id=\"pg-406-1\"  class=\"panel-grid panel-no-style\" ><div id=\"pgc-406-1-0\"  class=\"panel-grid-cell\" ><div id=\"panel-406-1-0-0\" class=\"so-panel widget widget_sow-editor panel-first-child panel-last-child\" data-index=\"1\" ><div class=\"so-widget-sow-editor so-widget-sow-editor-base\">\n<div class=\"siteorigin-widget-tinymce textwidget\">\n\t<p>Im Landschaftsbild spielen B\u00e4ume eine sehr gro\u00dfe Rolle. Um ihre Sch\u00f6nheit zu erhalten oder ihr Wachstum zu beeinflussen bedarf es einer regelm\u00e4\u00dfigen Pflege.<\/p>\n<p>Langj\u00e4hrige Erfahrung in diesem Bereich macht uns zum Dienstleister rund ums Holz.<\/p>\n<p>&nbsp;<\/p>\n<ul>\n<li>Baumbeurteilung (Standsicherheit, Verkehrssicherheit)<\/li>\n<li>Baumf\u00e4llung<\/li>\n<li>Problemf\u00e4llung<\/li>\n<li>Kronenpflege<\/li>\n<li>Aufasten (Lichtraumprofil)<\/li>\n<li>Hubsteigerarbeiten<\/li>\n<li>Forstarbeiten<\/li>\n<li>Brennholzaufbereitung<\/li>\n<li>Astholzh\u00e4ckseln<\/li>\n<li>Obstbaumschnitt<\/li>\n<li>Brennholzverkauf (Auf Anfrage)<\/li>\n<\/ul>\n<p>&nbsp;<\/p>\n<div id=\"kad-wp-gallery134\" class=\"kad-wp-gallery gallery kt-gallery-column-9 init-isotope-intrinsic reinit-isotope kad-light-wp-gallery clearfix rowtight\" data-fade-in=\"1\" data-iso-selector=\".g_item\" data-iso-style=\"masonry\" data-iso-filter=\"false\"><div class=\"tcol-lg-2 tcol-md-2 tcol-sm-3 tcol-xs-4 tcol-ss-4 g_item\"><div class=\"grid_item kt_item_fade_in kad_gallery_fade_in gallery_item\"><div class=\"kt-intrinsic\" style=\"padding-bottom:133.47826086957%;\"><div itemprop=\"image\" itemscope itemtype=\"https:\/\/schema.org\/ImageObject\"><img width=\"230\" height=\"307\" src=\"https:\/\/www.hs-niedringhaus.de\/wp-content\/uploads\/2015\/02\/DSC046781-230x307.jpg\" srcset=\"https:\/\/www.hs-niedringhaus.de\/wp-content\/uploads\/2015\/02\/DSC046781-230x307.jpg 230w, https:\/\/www.hs-niedringhaus.de\/wp-content\/uploads\/2015\/02\/DSC046781-225x300.jpg 225w, https:\/\/www.hs-niedringhaus.de\/wp-content\/uploads\/2015\/02\/DSC046781-768x1024.jpg 768w, https:\/\/www.hs-niedringhaus.de\/wp-content\/uploads\/2015\/02\/DSC046781-460x614.jpg 460w, https:\/\/www.hs-niedringhaus.de\/wp-content\/uploads\/2015\/02\/DSC046781.jpg 2304w\" sizes=\"(max-width: 230px) 100vw, 230px\" data-caption=\"\" class=\"light-dropshaddow\" itemprop=\"contentUrl\" alt=\"\"><meta itemprop=\"url\" content=\"https:\/\/www.hs-niedringhaus.de\/wp-content\/uploads\/2015\/02\/DSC046781-230x307.jpg\"><meta itemprop=\"width\" content=\"230px\"><meta itemprop=\"height\" content=\"307px\"><\/div><\/div><\/div><\/div><div class=\"tcol-lg-2 tcol-md-2 tcol-sm-3 tcol-xs-4 tcol-ss-4 g_item\"><div class=\"grid_item kt_item_fade_in kad_gallery_fade_in gallery_item\"><div class=\"kt-intrinsic\" style=\"padding-bottom:75.217391304348%;\"><div itemprop=\"image\" itemscope itemtype=\"https:\/\/schema.org\/ImageObject\"><img width=\"230\" height=\"173\" src=\"https:\/\/www.hs-niedringhaus.de\/wp-content\/uploads\/2015\/02\/DSC04687-230x173.jpg\" srcset=\"https:\/\/www.hs-niedringhaus.de\/wp-content\/uploads\/2015\/02\/DSC04687-230x173.jpg 230w, https:\/\/www.hs-niedringhaus.de\/wp-content\/uploads\/2015\/02\/DSC04687-300x225.jpg 300w, https:\/\/www.hs-niedringhaus.de\/wp-content\/uploads\/2015\/02\/DSC04687-1024x768.jpg 1024w, https:\/\/www.hs-niedringhaus.de\/wp-content\/uploads\/2015\/02\/DSC04687-460x346.jpg 460w\" sizes=\"(max-width: 230px) 100vw, 230px\" data-caption=\"\" class=\"light-dropshaddow\" itemprop=\"contentUrl\" alt=\"\"><meta itemprop=\"url\" content=\"https:\/\/www.hs-niedringhaus.de\/wp-content\/uploads\/2015\/02\/DSC04687-230x173.jpg\"><meta itemprop=\"width\" content=\"230px\"><meta itemprop=\"height\" content=\"173px\"><\/div><\/div><\/div><\/div><div class=\"tcol-lg-2 tcol-md-2 tcol-sm-3 tcol-xs-4 tcol-ss-4 g_item\"><div class=\"grid_item kt_item_fade_in kad_gallery_fade_in gallery_item\"><div class=\"kt-intrinsic\" style=\"padding-bottom:75.217391304348%;\"><div itemprop=\"image\" itemscope itemtype=\"https:\/\/schema.org\/ImageObject\"><img width=\"230\" height=\"173\" src=\"https:\/\/www.hs-niedringhaus.de\/wp-content\/uploads\/2015\/02\/DSC04621-230x173.jpg\" srcset=\"https:\/\/www.hs-niedringhaus.de\/wp-content\/uploads\/2015\/02\/DSC04621-230x173.jpg 230w, https:\/\/www.hs-niedringhaus.de\/wp-content\/uploads\/2015\/02\/DSC04621-300x225.jpg 300w, https:\/\/www.hs-niedringhaus.de\/wp-content\/uploads\/2015\/02\/DSC04621-1024x768.jpg 1024w, https:\/\/www.hs-niedringhaus.de\/wp-content\/uploads\/2015\/02\/DSC04621-460x346.jpg 460w\" sizes=\"(max-width: 230px) 100vw, 230px\" data-caption=\"\" class=\"light-dropshaddow\" itemprop=\"contentUrl\" alt=\"\"><meta itemprop=\"url\" content=\"https:\/\/www.hs-niedringhaus.de\/wp-content\/uploads\/2015\/02\/DSC04621-230x173.jpg\"><meta itemprop=\"width\" content=\"230px\"><meta itemprop=\"height\" content=\"173px\"><\/div><\/div><\/div><\/div><div class=\"tcol-lg-2 tcol-md-2 tcol-sm-3 tcol-xs-4 tcol-ss-4 g_item\"><div class=\"grid_item kt_item_fade_in kad_gallery_fade_in gallery_item\"><div class=\"kt-intrinsic\" style=\"padding-bottom:133.47826086957%;\"><div itemprop=\"image\" itemscope itemtype=\"https:\/\/schema.org\/ImageObject\"><img width=\"230\" height=\"307\" src=\"https:\/\/www.hs-niedringhaus.de\/wp-content\/uploads\/2015\/02\/DSC046821-230x307.jpg\" srcset=\"https:\/\/www.hs-niedringhaus.de\/wp-content\/uploads\/2015\/02\/DSC046821-230x307.jpg 230w, https:\/\/www.hs-niedringhaus.de\/wp-content\/uploads\/2015\/02\/DSC046821-225x300.jpg 225w, https:\/\/www.hs-niedringhaus.de\/wp-content\/uploads\/2015\/02\/DSC046821-768x1024.jpg 768w, https:\/\/www.hs-niedringhaus.de\/wp-content\/uploads\/2015\/02\/DSC046821-460x614.jpg 460w, https:\/\/www.hs-niedringhaus.de\/wp-content\/uploads\/2015\/02\/DSC046821.jpg 2304w\" sizes=\"(max-width: 230px) 100vw, 230px\" data-caption=\"\" class=\"light-dropshaddow\" itemprop=\"contentUrl\" alt=\"\"><meta itemprop=\"url\" content=\"https:\/\/www.hs-niedringhaus.de\/wp-content\/uploads\/2015\/02\/DSC046821-230x307.jpg\"><meta itemprop=\"width\" content=\"230px\"><meta itemprop=\"height\" content=\"307px\"><\/div><\/div><\/div><\/div><div class=\"tcol-lg-2 tcol-md-2 tcol-sm-3 tcol-xs-4 tcol-ss-4 g_item\"><div class=\"grid_item kt_item_fade_in kad_gallery_fade_in gallery_item\"><div class=\"kt-intrinsic\" style=\"padding-bottom:75.217391304348%;\"><div itemprop=\"image\" itemscope itemtype=\"https:\/\/schema.org\/ImageObject\"><img width=\"230\" height=\"173\" src=\"https:\/\/www.hs-niedringhaus.de\/wp-content\/uploads\/2015\/02\/DSC04689-230x173.jpg\" srcset=\"https:\/\/www.hs-niedringhaus.de\/wp-content\/uploads\/2015\/02\/DSC04689-230x173.jpg 230w, https:\/\/www.hs-niedringhaus.de\/wp-content\/uploads\/2015\/02\/DSC04689-300x225.jpg 300w, https:\/\/www.hs-niedringhaus.de\/wp-content\/uploads\/2015\/02\/DSC04689-1024x768.jpg 1024w, https:\/\/www.hs-niedringhaus.de\/wp-content\/uploads\/2015\/02\/DSC04689-460x346.jpg 460w\" sizes=\"(max-width: 230px) 100vw, 230px\" data-caption=\"\" class=\"light-dropshaddow\" itemprop=\"contentUrl\" alt=\"\"><meta itemprop=\"url\" content=\"https:\/\/www.hs-niedringhaus.de\/wp-content\/uploads\/2015\/02\/DSC04689-230x173.jpg\"><meta itemprop=\"width\" content=\"230px\"><meta itemprop=\"height\" content=\"173px\"><\/div><\/div><\/div><\/div><div class=\"tcol-lg-2 tcol-md-2 tcol-sm-3 tcol-xs-4 tcol-ss-4 g_item\"><div class=\"grid_item kt_item_fade_in kad_gallery_fade_in gallery_item\"><div class=\"kt-intrinsic\" style=\"padding-bottom:75.217391304348%;\"><div itemprop=\"image\" itemscope itemtype=\"https:\/\/schema.org\/ImageObject\"><img width=\"230\" height=\"173\" src=\"https:\/\/www.hs-niedringhaus.de\/wp-content\/uploads\/2015\/02\/DSC046901-230x173.jpg\" srcset=\"https:\/\/www.hs-niedringhaus.de\/wp-content\/uploads\/2015\/02\/DSC046901-230x173.jpg 230w, https:\/\/www.hs-niedringhaus.de\/wp-content\/uploads\/2015\/02\/DSC046901-300x225.jpg 300w, https:\/\/www.hs-niedringhaus.de\/wp-content\/uploads\/2015\/02\/DSC046901-1024x768.jpg 1024w, https:\/\/www.hs-niedringhaus.de\/wp-content\/uploads\/2015\/02\/DSC046901-460x346.jpg 460w\" sizes=\"(max-width: 230px) 100vw, 230px\" data-caption=\"\" class=\"light-dropshaddow\" itemprop=\"contentUrl\" alt=\"\"><meta itemprop=\"url\" content=\"https:\/\/www.hs-niedringhaus.de\/wp-content\/uploads\/2015\/02\/DSC046901-230x173.jpg\"><meta itemprop=\"width\" content=\"230px\"><meta itemprop=\"height\" content=\"173px\"><\/div><\/div><\/div><\/div><div class=\"tcol-lg-2 tcol-md-2 tcol-sm-3 tcol-xs-4 tcol-ss-4 g_item\"><div class=\"grid_item kt_item_fade_in kad_gallery_fade_in gallery_item\"><div class=\"kt-intrinsic\" style=\"padding-bottom:75.217391304348%;\"><div itemprop=\"image\" itemscope itemtype=\"https:\/\/schema.org\/ImageObject\"><img width=\"230\" height=\"173\" src=\"https:\/\/www.hs-niedringhaus.de\/wp-content\/uploads\/2015\/02\/DSC04644-230x173.jpg\" srcset=\"https:\/\/www.hs-niedringhaus.de\/wp-content\/uploads\/2015\/02\/DSC04644-230x173.jpg 230w, https:\/\/www.hs-niedringhaus.de\/wp-content\/uploads\/2015\/02\/DSC04644-300x225.jpg 300w, https:\/\/www.hs-niedringhaus.de\/wp-content\/uploads\/2015\/02\/DSC04644-1024x768.jpg 1024w, https:\/\/www.hs-niedringhaus.de\/wp-content\/uploads\/2015\/02\/DSC04644-460x346.jpg 460w\" sizes=\"(max-width: 230px) 100vw, 230px\" data-caption=\"\" class=\"light-dropshaddow\" itemprop=\"contentUrl\" alt=\"\"><meta itemprop=\"url\" content=\"https:\/\/www.hs-niedringhaus.de\/wp-content\/uploads\/2015\/02\/DSC04644-230x173.jpg\"><meta itemprop=\"width\" content=\"230px\"><meta itemprop=\"height\" content=\"173px\"><\/div><\/div><\/div><\/div><div class=\"tcol-lg-2 tcol-md-2 tcol-sm-3 tcol-xs-4 tcol-ss-4 g_item\"><div class=\"grid_item kt_item_fade_in kad_gallery_fade_in gallery_item\"><div class=\"kt-intrinsic\" style=\"padding-bottom:75.217391304348%;\"><div itemprop=\"image\" itemscope itemtype=\"https:\/\/schema.org\/ImageObject\"><img width=\"230\" height=\"173\" src=\"https:\/\/www.hs-niedringhaus.de\/wp-content\/uploads\/2015\/04\/IMG_0293-230x173.jpg\" srcset=\"https:\/\/www.hs-niedringhaus.de\/wp-content\/uploads\/2015\/04\/IMG_0293-230x173.jpg 230w, https:\/\/www.hs-niedringhaus.de\/wp-content\/uploads\/2015\/04\/IMG_0293-300x225.jpg 300w, https:\/\/www.hs-niedringhaus.de\/wp-content\/uploads\/2015\/04\/IMG_0293-1024x768.jpg 1024w, https:\/\/www.hs-niedringhaus.de\/wp-content\/uploads\/2015\/04\/IMG_0293-460x346.jpg 460w\" sizes=\"(max-width: 230px) 100vw, 230px\" data-caption=\"\" class=\"light-dropshaddow\" itemprop=\"contentUrl\" alt=\"\"><meta itemprop=\"url\" content=\"https:\/\/www.hs-niedringhaus.de\/wp-content\/uploads\/2015\/04\/IMG_0293-230x173.jpg\"><meta itemprop=\"width\" content=\"230px\"><meta itemprop=\"height\" content=\"173px\"><\/div><\/div><\/div><\/div><div class=\"tcol-lg-2 tcol-md-2 tcol-sm-3 tcol-xs-4 tcol-ss-4 g_item\"><div class=\"grid_item kt_item_fade_in kad_gallery_fade_in gallery_item\"><div class=\"kt-intrinsic\" style=\"padding-bottom:75.217391304348%;\"><div itemprop=\"image\" itemscope itemtype=\"https:\/\/schema.org\/ImageObject\"><img width=\"230\" height=\"173\" src=\"https:\/\/www.hs-niedringhaus.de\/wp-content\/uploads\/2015\/02\/IMG_0234-230x173.jpg\" srcset=\"https:\/\/www.hs-niedringhaus.de\/wp-content\/uploads\/2015\/02\/IMG_0234-230x173.jpg 230w, https:\/\/www.hs-niedringhaus.de\/wp-content\/uploads\/2015\/02\/IMG_0234-300x225.jpg 300w, https:\/\/www.hs-niedringhaus.de\/wp-content\/uploads\/2015\/02\/IMG_0234-1024x768.jpg 1024w, https:\/\/www.hs-niedringhaus.de\/wp-content\/uploads\/2015\/02\/IMG_0234-460x346.jpg 460w\" sizes=\"(max-width: 230px) 100vw, 230px\" data-caption=\"\" class=\"light-dropshaddow\" itemprop=\"contentUrl\" alt=\"\"><meta itemprop=\"url\" content=\"https:\/\/www.hs-niedringhaus.de\/wp-content\/uploads\/2015\/02\/IMG_0234-230x173.jpg\"><meta itemprop=\"width\" content=\"230px\"><meta itemprop=\"height\" content=\"173px\"><\/div><\/div><\/div><\/div><div class=\"tcol-lg-2 tcol-md-2 tcol-sm-3 tcol-xs-4 tcol-ss-4 g_item\"><div class=\"grid_item kt_item_fade_in kad_gallery_fade_in gallery_item\"><div class=\"kt-intrinsic\" style=\"padding-bottom:75.217391304348%;\"><div itemprop=\"image\" itemscope itemtype=\"https:\/\/schema.org\/ImageObject\"><img width=\"230\" height=\"173\" src=\"https:\/\/www.hs-niedringhaus.de\/wp-content\/uploads\/2015\/02\/DSC04650-230x173.jpg\" srcset=\"https:\/\/www.hs-niedringhaus.de\/wp-content\/uploads\/2015\/02\/DSC04650-230x173.jpg 230w, https:\/\/www.hs-niedringhaus.de\/wp-content\/uploads\/2015\/02\/DSC04650-300x225.jpg 300w, https:\/\/www.hs-niedringhaus.de\/wp-content\/uploads\/2015\/02\/DSC04650-1024x768.jpg 1024w, https:\/\/www.hs-niedringhaus.de\/wp-content\/uploads\/2015\/02\/DSC04650-460x346.jpg 460w\" sizes=\"(max-width: 230px) 100vw, 230px\" data-caption=\"\" class=\"light-dropshaddow\" itemprop=\"contentUrl\" alt=\"\"><meta itemprop=\"url\" content=\"https:\/\/www.hs-niedringhaus.de\/wp-content\/uploads\/2015\/02\/DSC04650-230x173.jpg\"><meta itemprop=\"width\" content=\"230px\"><meta itemprop=\"height\" content=\"173px\"><\/div><\/div><\/div><\/div><div class=\"tcol-lg-2 tcol-md-2 tcol-sm-3 tcol-xs-4 tcol-ss-4 g_item\"><div class=\"grid_item kt_item_fade_in kad_gallery_fade_in gallery_item\"><div class=\"kt-intrinsic\" style=\"padding-bottom:75.217391304348%;\"><div itemprop=\"image\" itemscope itemtype=\"https:\/\/schema.org\/ImageObject\"><img width=\"230\" height=\"173\" src=\"https:\/\/www.hs-niedringhaus.de\/wp-content\/uploads\/2015\/02\/IMG_0072-230x173.jpg\" srcset=\"https:\/\/www.hs-niedringhaus.de\/wp-content\/uploads\/2015\/02\/IMG_0072-230x173.jpg 230w, https:\/\/www.hs-niedringhaus.de\/wp-content\/uploads\/2015\/02\/IMG_0072-300x225.jpg 300w, https:\/\/www.hs-niedringhaus.de\/wp-content\/uploads\/2015\/02\/IMG_0072-1024x768.jpg 1024w, https:\/\/www.hs-niedringhaus.de\/wp-content\/uploads\/2015\/02\/IMG_0072-460x346.jpg 460w\" sizes=\"(max-width: 230px) 100vw, 230px\" data-caption=\"\" class=\"light-dropshaddow\" itemprop=\"contentUrl\" alt=\"\"><meta itemprop=\"url\" content=\"https:\/\/www.hs-niedringhaus.de\/wp-content\/uploads\/2015\/02\/IMG_0072-230x173.jpg\"><meta itemprop=\"width\" content=\"230px\"><meta itemprop=\"height\" content=\"173px\"><\/div><\/div><\/div><\/div><\/div>\n<\/div>\n<\/div><\/div><\/div><\/div><\/div>","protected":false},"excerpt":{"rendered":"<p>Im Landschaftsbild spielen B\u00e4ume eine sehr gro\u00dfe Rolle. Um ihre Sch\u00f6nheit zu erhalten oder ihr Wachstum zu beeinflussen bedarf es einer regelm\u00e4\u00dfigen Pflege. Langj\u00e4hrige Erfahrung in diesem Bereich macht uns zum Dienstleister rund ums Holz. &nbsp; Baumbeurteilung (Standsicherheit, Verkehrssicherheit) Baumf\u00e4llung &hellip; <a class=\"kt-excerpt-readmore\" href=\"https:\/\/www.hs-niedringhaus.de\/?page_id=406\" aria-label=\"Baumpflege\">Weiterlesen<\/a><\/p>\n","protected":false},"author":1,"featured_media":0,"parent":0,"menu_order":0,"comment_status":"open","ping_status":"open","template":"page-fullwidth.php","meta":{"spay_email":""},"jetpack_sharing_enabled":true,"jetpack_shortlink":"https:\/\/wp.me\/P5Q9We-6y","_links":{"self":[{"href":"https:\/\/www.hs-niedringhaus.de\/index.php?rest_route=\/wp\/v2\/pages\/406"}],"collection":[{"href":"https:\/\/www.hs-niedringhaus.de\/index.php?rest_route=\/wp\/v2\/pages"}],"about":[{"href":"https:\/\/www.hs-niedringhaus.de\/index.php?rest_route=\/wp\/v2\/types\/page"}],"author":[{"embeddable":true,"href":"https:\/\/www.hs-niedringhaus.de\/index.php?rest_route=\/wp\/v2\/users\/1"}],"replies":[{"embeddable":true,"href":"https:\/\/www.hs-niedringhaus.de\/index.php?rest_route=%2Fwp%2Fv2%2Fcomments&post=406"}],"version-history":[{"count":16,"href":"https:\/\/www.hs-niedringhaus.de\/index.php?rest_route=\/wp\/v2\/pages\/406\/revisions"}],"predecessor-version":[{"id":731,"href":"https:\/\/www.hs-niedringhaus.de\/index.php?rest_route=\/wp\/v2\/pages\/406\/revisions\/731"}],"wp:attachment":[{"href":"https:\/\/www.hs-niedringhaus.de\/index.php?rest_route=%2Fwp%2Fv2%2Fmedia&parent=406"}],"curies":[{"name":"wp","href":"https:\/\/api.w.org\/{rel}","templated":true}]}}