{"id":408,"date":"2015-02-01T21:35:56","date_gmt":"2015-02-01T21:35:56","guid":{"rendered":"http:\/\/www.hs-niedringhaus.de\/?page_id=408"},"modified":"2018-03-04T13:18:23","modified_gmt":"2018-03-04T13:18:23","slug":"haushaltsnahe-dienstleistungen","status":"publish","type":"page","link":"https:\/\/www.hs-niedringhaus.de\/?page_id=408","title":{"rendered":"Haushaltsnahe Dienstleistungen"},"content":{"rendered":"<div id=\"pl-408\"  class=\"panel-layout\" ><div id=\"pg-408-0\"  class=\"panel-grid panel-no-style\" ><div id=\"pgc-408-0-0\"  class=\"panel-grid-cell\" ><div id=\"panel-408-0-0-0\" class=\"so-panel widget panel-first-child panel-last-child\" data-index=\"0\" ><\/div><\/div><\/div><div id=\"pg-408-1\"  class=\"panel-grid panel-no-style\" ><div id=\"pgc-408-1-0\"  class=\"panel-grid-cell\" ><div id=\"panel-408-1-0-0\" class=\"so-panel widget widget_sow-editor panel-first-child panel-last-child\" data-index=\"1\" ><div class=\"so-widget-sow-editor so-widget-sow-editor-base\">\n<div class=\"siteorigin-widget-tinymce textwidget\">\n\t<p>Vom kleinen Bohrloch angefangen, \u00fcber tropfende Wasserh\u00e4hne, M\u00f6belr\u00fccken bis hin zum Entsorgen von Sperrm\u00fcll \u00fcbernehmen wir s\u00e4mtliche Reparaturdienste\u00a0die im Haus anfallen, ganz nach dem Motto \"Alles aus einer Hand\".<\/p>\n<p>Hier eine kleine \u00dcbersicht:<\/p>\n<ul>\n<li>Sanit\u00e4rarbeiten<\/li>\n<li>Schlosserarbeiten<\/li>\n<li>Malerarbeiten<\/li>\n<li>Tischlerarbeiten<\/li>\n<li>Transportarbeiten<\/li>\n<li>Umz\u00fcge<\/li>\n<\/ul>\n<p>&nbsp;<\/p>\n<p>Fragen Sie doch einfach an, wir helfen Ihnen auch gerne bei ihrem handwerklichen Problem im heimischen Haushalt.<\/p>\n<p>&nbsp;<\/p>\n<div id=\"kad-wp-gallery834\" class=\"kad-wp-gallery gallery kt-gallery-column-3 init-isotope-intrinsic reinit-isotope kad-light-wp-gallery clearfix rowtight\" data-fade-in=\"1\" data-iso-selector=\".g_item\" data-iso-style=\"masonry\" data-iso-filter=\"false\"><div class=\"tcol-lg-4 tcol-md-4 tcol-sm-4 tcol-xs-6 tcol-ss-12 g_item\"><div class=\"grid_item kt_item_fade_in kad_gallery_fade_in gallery_item\"><a href=\"https:\/\/www.hs-niedringhaus.de\/wp-content\/uploads\/2015\/02\/IMG_0198-e1424634856106.jpg\" data-rel=\"lightbox\" class=\"lightboxhover\"><div class=\"kt-intrinsic\" style=\"padding-bottom:133.33333333333%;\"><div itemprop=\"image\" itemscope itemtype=\"https:\/\/schema.org\/ImageObject\"><img width=\"366\" height=\"488\" src=\"https:\/\/www.hs-niedringhaus.de\/wp-content\/uploads\/2015\/02\/IMG_0198-e1424634856106-366x488.jpg\" srcset=\"https:\/\/www.hs-niedringhaus.de\/wp-content\/uploads\/2015\/02\/IMG_0198-e1424634856106-366x488.jpg 366w, https:\/\/www.hs-niedringhaus.de\/wp-content\/uploads\/2015\/02\/IMG_0198-e1424634856106-225x300.jpg 225w, https:\/\/www.hs-niedringhaus.de\/wp-content\/uploads\/2015\/02\/IMG_0198-e1424634856106-768x1024.jpg 768w, https:\/\/www.hs-niedringhaus.de\/wp-content\/uploads\/2015\/02\/IMG_0198-e1424634856106-732x976.jpg 732w\" sizes=\"(max-width: 366px) 100vw, 366px\" data-caption=\"\" class=\"light-dropshaddow\" itemprop=\"contentUrl\" alt=\"\"><meta itemprop=\"url\" content=\"https:\/\/www.hs-niedringhaus.de\/wp-content\/uploads\/2015\/02\/IMG_0198-e1424634856106-366x488.jpg\"><meta itemprop=\"width\" content=\"366px\"><meta itemprop=\"height\" content=\"488px\"><\/div><\/div><\/a><\/div><\/div><div class=\"tcol-lg-4 tcol-md-4 tcol-sm-4 tcol-xs-6 tcol-ss-12 g_item\"><div class=\"grid_item kt_item_fade_in kad_gallery_fade_in gallery_item\"><a href=\"https:\/\/www.hs-niedringhaus.de\/wp-content\/uploads\/2015\/02\/IMG_0170.jpg\" data-rel=\"lightbox\" class=\"lightboxhover\"><div class=\"kt-intrinsic\" style=\"padding-bottom:75.136612021858%;\"><div itemprop=\"image\" itemscope itemtype=\"https:\/\/schema.org\/ImageObject\"><img width=\"366\" height=\"275\" src=\"https:\/\/www.hs-niedringhaus.de\/wp-content\/uploads\/2015\/02\/IMG_0170-366x275.jpg\" srcset=\"https:\/\/www.hs-niedringhaus.de\/wp-content\/uploads\/2015\/02\/IMG_0170-366x275.jpg 366w, https:\/\/www.hs-niedringhaus.de\/wp-content\/uploads\/2015\/02\/IMG_0170-300x225.jpg 300w, https:\/\/www.hs-niedringhaus.de\/wp-content\/uploads\/2015\/02\/IMG_0170-1024x768.jpg 1024w, https:\/\/www.hs-niedringhaus.de\/wp-content\/uploads\/2015\/02\/IMG_0170-732x550.jpg 732w\" sizes=\"(max-width: 366px) 100vw, 366px\" data-caption=\"\" class=\"light-dropshaddow\" itemprop=\"contentUrl\" alt=\"\"><meta itemprop=\"url\" content=\"https:\/\/www.hs-niedringhaus.de\/wp-content\/uploads\/2015\/02\/IMG_0170-366x275.jpg\"><meta itemprop=\"width\" content=\"366px\"><meta itemprop=\"height\" content=\"275px\"><\/div><\/div><\/a><\/div><\/div><div class=\"tcol-lg-4 tcol-md-4 tcol-sm-4 tcol-xs-6 tcol-ss-12 g_item\"><div class=\"grid_item kt_item_fade_in kad_gallery_fade_in gallery_item\"><a href=\"https:\/\/www.hs-niedringhaus.de\/wp-content\/uploads\/2015\/02\/IMG_00952.jpg\" data-rel=\"lightbox\" class=\"lightboxhover\"><div class=\"kt-intrinsic\" style=\"padding-bottom:75.136612021858%;\"><div itemprop=\"image\" itemscope itemtype=\"https:\/\/schema.org\/ImageObject\"><img width=\"366\" height=\"275\" src=\"https:\/\/www.hs-niedringhaus.de\/wp-content\/uploads\/2015\/02\/IMG_00952-366x275.jpg\" srcset=\"https:\/\/www.hs-niedringhaus.de\/wp-content\/uploads\/2015\/02\/IMG_00952-366x275.jpg 366w, https:\/\/www.hs-niedringhaus.de\/wp-content\/uploads\/2015\/02\/IMG_00952-300x225.jpg 300w, https:\/\/www.hs-niedringhaus.de\/wp-content\/uploads\/2015\/02\/IMG_00952-1024x768.jpg 1024w, https:\/\/www.hs-niedringhaus.de\/wp-content\/uploads\/2015\/02\/IMG_00952-732x550.jpg 732w\" sizes=\"(max-width: 366px) 100vw, 366px\" data-caption=\"\" class=\"light-dropshaddow\" itemprop=\"contentUrl\" alt=\"\"><meta itemprop=\"url\" content=\"https:\/\/www.hs-niedringhaus.de\/wp-content\/uploads\/2015\/02\/IMG_00952-366x275.jpg\"><meta itemprop=\"width\" content=\"366px\"><meta itemprop=\"height\" content=\"275px\"><\/div><\/div><\/a><\/div><\/div><\/div>\n<\/div>\n<\/div><\/div><\/div><\/div><\/div>","protected":false},"excerpt":{"rendered":"<p>Vom kleinen Bohrloch angefangen, \u00fcber tropfende Wasserh\u00e4hne, M\u00f6belr\u00fccken bis hin zum Entsorgen von Sperrm\u00fcll \u00fcbernehmen wir s\u00e4mtliche Reparaturdienste\u00a0die im Haus anfallen, ganz nach dem Motto &#8222;Alles aus einer Hand&#8220;. Hier eine kleine \u00dcbersicht: Sanit\u00e4rarbeiten Schlosserarbeiten Malerarbeiten Tischlerarbeiten Transportarbeiten Umz\u00fcge &nbsp; &hellip; <a class=\"kt-excerpt-readmore\" href=\"https:\/\/www.hs-niedringhaus.de\/?page_id=408\" aria-label=\"Haushaltsnahe Dienstleistungen\">Weiterlesen<\/a><\/p>\n","protected":false},"author":1,"featured_media":0,"parent":0,"menu_order":0,"comment_status":"open","ping_status":"open","template":"page-fullwidth.php","meta":{"spay_email":""},"jetpack_sharing_enabled":true,"jetpack_shortlink":"https:\/\/wp.me\/P5Q9We-6A","_links":{"self":[{"href":"https:\/\/www.hs-niedringhaus.de\/index.php?rest_route=\/wp\/v2\/pages\/408"}],"collection":[{"href":"https:\/\/www.hs-niedringhaus.de\/index.php?rest_route=\/wp\/v2\/pages"}],"about":[{"href":"https:\/\/www.hs-niedringhaus.de\/index.php?rest_route=\/wp\/v2\/types\/page"}],"author":[{"embeddable":true,"href":"https:\/\/www.hs-niedringhaus.de\/index.php?rest_route=\/wp\/v2\/users\/1"}],"replies":[{"embeddable":true,"href":"https:\/\/www.hs-niedringhaus.de\/index.php?rest_route=%2Fwp%2Fv2%2Fcomments&post=408"}],"version-history":[{"count":6,"href":"https:\/\/www.hs-niedringhaus.de\/index.php?rest_route=\/wp\/v2\/pages\/408\/revisions"}],"predecessor-version":[{"id":733,"href":"https:\/\/www.hs-niedringhaus.de\/index.php?rest_route=\/wp\/v2\/pages\/408\/revisions\/733"}],"wp:attachment":[{"href":"https:\/\/www.hs-niedringhaus.de\/index.php?rest_route=%2Fwp%2Fv2%2Fmedia&parent=408"}],"curies":[{"name":"wp","href":"https:\/\/api.w.org\/{rel}","templated":true}]}}