{"id":412,"date":"2015-02-01T21:41:14","date_gmt":"2015-02-01T21:41:14","guid":{"rendered":"http:\/\/www.hs-niedringhaus.de\/?page_id=412"},"modified":"2018-03-04T13:22:38","modified_gmt":"2018-03-04T13:22:38","slug":"werkstattservice","status":"publish","type":"page","link":"https:\/\/www.hs-niedringhaus.de\/?page_id=412","title":{"rendered":"Werkstattservice"},"content":{"rendered":"<div id=\"pl-412\"  class=\"panel-layout\" ><div id=\"pg-412-0\"  class=\"panel-grid panel-no-style\" ><div id=\"pgc-412-0-0\"  class=\"panel-grid-cell\" ><div id=\"panel-412-0-0-0\" class=\"so-panel widget panel-first-child panel-last-child\" data-index=\"0\" ><\/div><\/div><\/div><div id=\"pg-412-1\"  class=\"panel-grid panel-no-style\" ><div id=\"pgc-412-1-0\"  class=\"panel-grid-cell\" ><div id=\"panel-412-1-0-0\" class=\"so-panel widget widget_sow-editor panel-first-child panel-last-child\" data-index=\"1\" ><div class=\"so-widget-sow-editor so-widget-sow-editor-base\">\n<div class=\"siteorigin-widget-tinymce textwidget\">\n\t<p>&nbsp;<\/p>\n<p>Das neueste Standbein in unserem Betrieb ist die Wartung und Reparatur von Motorger\u00e4ten. Vom Rasenm\u00e4her bis zur Motors\u00e4ge, gibt es nichts was wir nicht wieder zum Laufen bekommen. Jedes Motorger\u00e4t wird sich \u00fcber eine Inspektion freuen, und die bieten wir zu einem Festpreis.<\/p>\n<p>Durch einen Hol- und Bringdienst reicht ein Anruf von Ihnen, den Rest erledigen wir. Fragen lohnt sich.<\/p>\n<ul>\n<li>Inspektion von motorbetriebenen Gartenger\u00e4ten<\/li>\n<li>Reparatur von Rasenm\u00e4hern, Aufsitzm\u00e4hern, Motors\u00e4gen und vieles mehr<\/li>\n<li>Beschaffung von Ersatzteilen<\/li>\n<li>Schleifservice f\u00fcr S\u00e4geketten und Heckenscheren<\/li>\n<li>Hol- und Bringdienst der Ger\u00e4te<\/li>\n<\/ul>\n<p>&nbsp;<\/p>\n<div id=\"kad-wp-gallery215\" class=\"kad-wp-gallery gallery kt-gallery-column-9 init-isotope-intrinsic reinit-isotope kad-light-wp-gallery clearfix rowtight\" data-fade-in=\"1\" data-iso-selector=\".g_item\" data-iso-style=\"masonry\" data-iso-filter=\"false\"><div class=\"tcol-lg-2 tcol-md-2 tcol-sm-3 tcol-xs-4 tcol-ss-4 g_item\"><div class=\"grid_item kt_item_fade_in kad_gallery_fade_in gallery_item\"><div class=\"kt-intrinsic\" style=\"padding-bottom:75.217391304348%;\"><div itemprop=\"image\" itemscope itemtype=\"https:\/\/schema.org\/ImageObject\"><img width=\"230\" height=\"173\" src=\"https:\/\/www.hs-niedringhaus.de\/wp-content\/uploads\/2015\/02\/IMG_0231-230x173.jpg\" srcset=\"https:\/\/www.hs-niedringhaus.de\/wp-content\/uploads\/2015\/02\/IMG_0231-230x173.jpg 230w, https:\/\/www.hs-niedringhaus.de\/wp-content\/uploads\/2015\/02\/IMG_0231-300x225.jpg 300w, https:\/\/www.hs-niedringhaus.de\/wp-content\/uploads\/2015\/02\/IMG_0231-1024x768.jpg 1024w, https:\/\/www.hs-niedringhaus.de\/wp-content\/uploads\/2015\/02\/IMG_0231-460x346.jpg 460w\" sizes=\"(max-width: 230px) 100vw, 230px\" data-caption=\"\" class=\"light-dropshaddow\" itemprop=\"contentUrl\" alt=\"\"><meta itemprop=\"url\" content=\"https:\/\/www.hs-niedringhaus.de\/wp-content\/uploads\/2015\/02\/IMG_0231-230x173.jpg\"><meta itemprop=\"width\" content=\"230px\"><meta itemprop=\"height\" content=\"173px\"><\/div><\/div><\/div><\/div><div class=\"tcol-lg-2 tcol-md-2 tcol-sm-3 tcol-xs-4 tcol-ss-4 g_item\"><div class=\"grid_item kt_item_fade_in kad_gallery_fade_in gallery_item\"><div class=\"kt-intrinsic\" style=\"padding-bottom:75.217391304348%;\"><div itemprop=\"image\" itemscope itemtype=\"https:\/\/schema.org\/ImageObject\"><img width=\"230\" height=\"173\" src=\"https:\/\/www.hs-niedringhaus.de\/wp-content\/uploads\/2015\/02\/DSC04668-230x173.jpg\" srcset=\"https:\/\/www.hs-niedringhaus.de\/wp-content\/uploads\/2015\/02\/DSC04668-230x173.jpg 230w, https:\/\/www.hs-niedringhaus.de\/wp-content\/uploads\/2015\/02\/DSC04668-300x225.jpg 300w, https:\/\/www.hs-niedringhaus.de\/wp-content\/uploads\/2015\/02\/DSC04668-1024x768.jpg 1024w, https:\/\/www.hs-niedringhaus.de\/wp-content\/uploads\/2015\/02\/DSC04668-460x346.jpg 460w\" sizes=\"(max-width: 230px) 100vw, 230px\" data-caption=\"\" class=\"light-dropshaddow\" itemprop=\"contentUrl\" alt=\"\"><meta itemprop=\"url\" content=\"https:\/\/www.hs-niedringhaus.de\/wp-content\/uploads\/2015\/02\/DSC04668-230x173.jpg\"><meta itemprop=\"width\" content=\"230px\"><meta itemprop=\"height\" content=\"173px\"><\/div><\/div><\/div><\/div><div class=\"tcol-lg-2 tcol-md-2 tcol-sm-3 tcol-xs-4 tcol-ss-4 g_item\"><div class=\"grid_item kt_item_fade_in kad_gallery_fade_in gallery_item\"><div class=\"kt-intrinsic\" style=\"padding-bottom:74.782608695652%;\"><div itemprop=\"image\" itemscope itemtype=\"https:\/\/schema.org\/ImageObject\"><img width=\"230\" height=\"172\" src=\"https:\/\/www.hs-niedringhaus.de\/wp-content\/uploads\/2015\/02\/4652-neu-230x172.png\" srcset=\"https:\/\/www.hs-niedringhaus.de\/wp-content\/uploads\/2015\/02\/4652-neu-230x172.png 230w, https:\/\/www.hs-niedringhaus.de\/wp-content\/uploads\/2015\/02\/4652-neu-300x225.png 300w, https:\/\/www.hs-niedringhaus.de\/wp-content\/uploads\/2015\/02\/4652-neu-1024x767.png 1024w, https:\/\/www.hs-niedringhaus.de\/wp-content\/uploads\/2015\/02\/4652-neu-460x344.png 460w, https:\/\/www.hs-niedringhaus.de\/wp-content\/uploads\/2015\/02\/4652-neu.png 2000w\" sizes=\"(max-width: 230px) 100vw, 230px\" data-caption=\"\" class=\"light-dropshaddow\" itemprop=\"contentUrl\" alt=\"\"><meta itemprop=\"url\" content=\"https:\/\/www.hs-niedringhaus.de\/wp-content\/uploads\/2015\/02\/4652-neu-230x172.png\"><meta itemprop=\"width\" content=\"230px\"><meta itemprop=\"height\" content=\"172px\"><\/div><\/div><\/div><\/div><div class=\"tcol-lg-2 tcol-md-2 tcol-sm-3 tcol-xs-4 tcol-ss-4 g_item\"><div class=\"grid_item kt_item_fade_in kad_gallery_fade_in gallery_item\"><div class=\"kt-intrinsic\" style=\"padding-bottom:75.217391304348%;\"><div itemprop=\"image\" itemscope itemtype=\"https:\/\/schema.org\/ImageObject\"><img width=\"230\" height=\"173\" src=\"https:\/\/www.hs-niedringhaus.de\/wp-content\/uploads\/2015\/02\/IMG_01241-230x173.jpg\" srcset=\"https:\/\/www.hs-niedringhaus.de\/wp-content\/uploads\/2015\/02\/IMG_01241-230x173.jpg 230w, https:\/\/www.hs-niedringhaus.de\/wp-content\/uploads\/2015\/02\/IMG_01241-300x225.jpg 300w, https:\/\/www.hs-niedringhaus.de\/wp-content\/uploads\/2015\/02\/IMG_01241-1024x768.jpg 1024w, https:\/\/www.hs-niedringhaus.de\/wp-content\/uploads\/2015\/02\/IMG_01241-460x346.jpg 460w\" sizes=\"(max-width: 230px) 100vw, 230px\" data-caption=\"\" class=\"light-dropshaddow\" itemprop=\"contentUrl\" alt=\"\"><meta itemprop=\"url\" content=\"https:\/\/www.hs-niedringhaus.de\/wp-content\/uploads\/2015\/02\/IMG_01241-230x173.jpg\"><meta itemprop=\"width\" content=\"230px\"><meta itemprop=\"height\" content=\"173px\"><\/div><\/div><\/div><\/div><div class=\"tcol-lg-2 tcol-md-2 tcol-sm-3 tcol-xs-4 tcol-ss-4 g_item\"><div class=\"grid_item kt_item_fade_in kad_gallery_fade_in gallery_item\"><div class=\"kt-intrinsic\" style=\"padding-bottom:75.217391304348%;\"><div itemprop=\"image\" itemscope itemtype=\"https:\/\/schema.org\/ImageObject\"><img width=\"230\" height=\"173\" src=\"https:\/\/www.hs-niedringhaus.de\/wp-content\/uploads\/2015\/02\/DSC046571-230x173.jpg\" srcset=\"https:\/\/www.hs-niedringhaus.de\/wp-content\/uploads\/2015\/02\/DSC046571-230x173.jpg 230w, https:\/\/www.hs-niedringhaus.de\/wp-content\/uploads\/2015\/02\/DSC046571-300x225.jpg 300w, https:\/\/www.hs-niedringhaus.de\/wp-content\/uploads\/2015\/02\/DSC046571-1024x768.jpg 1024w, https:\/\/www.hs-niedringhaus.de\/wp-content\/uploads\/2015\/02\/DSC046571-460x346.jpg 460w\" sizes=\"(max-width: 230px) 100vw, 230px\" data-caption=\"\" class=\"light-dropshaddow\" itemprop=\"contentUrl\" alt=\"\"><meta itemprop=\"url\" content=\"https:\/\/www.hs-niedringhaus.de\/wp-content\/uploads\/2015\/02\/DSC046571-230x173.jpg\"><meta itemprop=\"width\" content=\"230px\"><meta itemprop=\"height\" content=\"173px\"><\/div><\/div><\/div><\/div><div class=\"tcol-lg-2 tcol-md-2 tcol-sm-3 tcol-xs-4 tcol-ss-4 g_item\"><div class=\"grid_item kt_item_fade_in kad_gallery_fade_in gallery_item\"><div class=\"kt-intrinsic\" style=\"padding-bottom:75.217391304348%;\"><div itemprop=\"image\" itemscope itemtype=\"https:\/\/schema.org\/ImageObject\"><img width=\"230\" height=\"173\" src=\"https:\/\/www.hs-niedringhaus.de\/wp-content\/uploads\/2015\/05\/IMG_0301-230x173.jpg\" srcset=\"https:\/\/www.hs-niedringhaus.de\/wp-content\/uploads\/2015\/05\/IMG_0301-230x173.jpg 230w, https:\/\/www.hs-niedringhaus.de\/wp-content\/uploads\/2015\/05\/IMG_0301-300x225.jpg 300w, https:\/\/www.hs-niedringhaus.de\/wp-content\/uploads\/2015\/05\/IMG_0301-1024x768.jpg 1024w, https:\/\/www.hs-niedringhaus.de\/wp-content\/uploads\/2015\/05\/IMG_0301-460x346.jpg 460w\" sizes=\"(max-width: 230px) 100vw, 230px\" data-caption=\"\" class=\"light-dropshaddow\" itemprop=\"contentUrl\" alt=\"\"><meta itemprop=\"url\" content=\"https:\/\/www.hs-niedringhaus.de\/wp-content\/uploads\/2015\/05\/IMG_0301-230x173.jpg\"><meta itemprop=\"width\" content=\"230px\"><meta itemprop=\"height\" content=\"173px\"><\/div><\/div><\/div><\/div><div class=\"tcol-lg-2 tcol-md-2 tcol-sm-3 tcol-xs-4 tcol-ss-4 g_item\"><div class=\"grid_item kt_item_fade_in kad_gallery_fade_in gallery_item\"><div class=\"kt-intrinsic\" style=\"padding-bottom:75.217391304348%;\"><div itemprop=\"image\" itemscope itemtype=\"https:\/\/schema.org\/ImageObject\"><img width=\"230\" height=\"173\" src=\"https:\/\/www.hs-niedringhaus.de\/wp-content\/uploads\/2015\/03\/IMG_0249-230x173.jpg\" srcset=\"https:\/\/www.hs-niedringhaus.de\/wp-content\/uploads\/2015\/03\/IMG_0249-230x173.jpg 230w, https:\/\/www.hs-niedringhaus.de\/wp-content\/uploads\/2015\/03\/IMG_0249-300x225.jpg 300w, https:\/\/www.hs-niedringhaus.de\/wp-content\/uploads\/2015\/03\/IMG_0249-1024x768.jpg 1024w, https:\/\/www.hs-niedringhaus.de\/wp-content\/uploads\/2015\/03\/IMG_0249-460x346.jpg 460w\" sizes=\"(max-width: 230px) 100vw, 230px\" data-caption=\"\" class=\"light-dropshaddow\" itemprop=\"contentUrl\" alt=\"\"><meta itemprop=\"url\" content=\"https:\/\/www.hs-niedringhaus.de\/wp-content\/uploads\/2015\/03\/IMG_0249-230x173.jpg\"><meta itemprop=\"width\" content=\"230px\"><meta itemprop=\"height\" content=\"173px\"><\/div><\/div><\/div><\/div><div class=\"tcol-lg-2 tcol-md-2 tcol-sm-3 tcol-xs-4 tcol-ss-4 g_item\"><div class=\"grid_item kt_item_fade_in kad_gallery_fade_in gallery_item\"><div class=\"kt-intrinsic\" style=\"padding-bottom:133.47826086957%;\"><div itemprop=\"image\" itemscope itemtype=\"https:\/\/schema.org\/ImageObject\"><img width=\"230\" height=\"307\" src=\"https:\/\/www.hs-niedringhaus.de\/wp-content\/uploads\/2015\/02\/DSC046661-230x307.jpg\" srcset=\"https:\/\/www.hs-niedringhaus.de\/wp-content\/uploads\/2015\/02\/DSC046661-230x307.jpg 230w, https:\/\/www.hs-niedringhaus.de\/wp-content\/uploads\/2015\/02\/DSC046661-225x300.jpg 225w, https:\/\/www.hs-niedringhaus.de\/wp-content\/uploads\/2015\/02\/DSC046661-768x1024.jpg 768w, https:\/\/www.hs-niedringhaus.de\/wp-content\/uploads\/2015\/02\/DSC046661-460x614.jpg 460w, https:\/\/www.hs-niedringhaus.de\/wp-content\/uploads\/2015\/02\/DSC046661.jpg 2304w\" sizes=\"(max-width: 230px) 100vw, 230px\" data-caption=\"\" class=\"light-dropshaddow\" itemprop=\"contentUrl\" alt=\"\"><meta itemprop=\"url\" content=\"https:\/\/www.hs-niedringhaus.de\/wp-content\/uploads\/2015\/02\/DSC046661-230x307.jpg\"><meta itemprop=\"width\" content=\"230px\"><meta itemprop=\"height\" content=\"307px\"><\/div><\/div><\/div><\/div><div class=\"tcol-lg-2 tcol-md-2 tcol-sm-3 tcol-xs-4 tcol-ss-4 g_item\"><div class=\"grid_item kt_item_fade_in kad_gallery_fade_in gallery_item\"><div class=\"kt-intrinsic\" style=\"padding-bottom:73.478260869565%;\"><div itemprop=\"image\" itemscope itemtype=\"https:\/\/schema.org\/ImageObject\"><img width=\"230\" height=\"169\" src=\"https:\/\/www.hs-niedringhaus.de\/wp-content\/uploads\/2015\/02\/129-neu-230x169.jpg\" srcset=\"https:\/\/www.hs-niedringhaus.de\/wp-content\/uploads\/2015\/02\/129-neu-230x169.jpg 230w, https:\/\/www.hs-niedringhaus.de\/wp-content\/uploads\/2015\/02\/129-neu-300x220.jpg 300w, https:\/\/www.hs-niedringhaus.de\/wp-content\/uploads\/2015\/02\/129-neu-1024x750.jpg 1024w, https:\/\/www.hs-niedringhaus.de\/wp-content\/uploads\/2015\/02\/129-neu-460x338.jpg 460w\" sizes=\"(max-width: 230px) 100vw, 230px\" data-caption=\"\" class=\"light-dropshaddow\" itemprop=\"contentUrl\" alt=\"\"><meta itemprop=\"url\" content=\"https:\/\/www.hs-niedringhaus.de\/wp-content\/uploads\/2015\/02\/129-neu-230x169.jpg\"><meta itemprop=\"width\" content=\"230px\"><meta itemprop=\"height\" content=\"169px\"><\/div><\/div><\/div><\/div><div class=\"tcol-lg-2 tcol-md-2 tcol-sm-3 tcol-xs-4 tcol-ss-4 g_item\"><div class=\"grid_item kt_item_fade_in kad_gallery_fade_in gallery_item\"><div class=\"kt-intrinsic\" style=\"padding-bottom:75.217391304348%;\"><div itemprop=\"image\" itemscope itemtype=\"https:\/\/schema.org\/ImageObject\"><img width=\"230\" height=\"173\" src=\"https:\/\/www.hs-niedringhaus.de\/wp-content\/uploads\/2015\/03\/IMG_0248-230x173.jpg\" srcset=\"https:\/\/www.hs-niedringhaus.de\/wp-content\/uploads\/2015\/03\/IMG_0248-230x173.jpg 230w, https:\/\/www.hs-niedringhaus.de\/wp-content\/uploads\/2015\/03\/IMG_0248-300x225.jpg 300w, https:\/\/www.hs-niedringhaus.de\/wp-content\/uploads\/2015\/03\/IMG_0248-1024x768.jpg 1024w, https:\/\/www.hs-niedringhaus.de\/wp-content\/uploads\/2015\/03\/IMG_0248-460x346.jpg 460w\" sizes=\"(max-width: 230px) 100vw, 230px\" data-caption=\"\" class=\"light-dropshaddow\" itemprop=\"contentUrl\" alt=\"\"><meta itemprop=\"url\" content=\"https:\/\/www.hs-niedringhaus.de\/wp-content\/uploads\/2015\/03\/IMG_0248-230x173.jpg\"><meta itemprop=\"width\" content=\"230px\"><meta itemprop=\"height\" content=\"173px\"><\/div><\/div><\/div><\/div><\/div>\n<\/div>\n<\/div><\/div><\/div><\/div><\/div>","protected":false},"excerpt":{"rendered":"<p>&nbsp; Das neueste Standbein in unserem Betrieb ist die Wartung und Reparatur von Motorger\u00e4ten. Vom Rasenm\u00e4her bis zur Motors\u00e4ge, gibt es nichts was wir nicht wieder zum Laufen bekommen. Jedes Motorger\u00e4t wird sich \u00fcber eine Inspektion freuen, und die bieten &hellip; <a class=\"kt-excerpt-readmore\" href=\"https:\/\/www.hs-niedringhaus.de\/?page_id=412\" aria-label=\"Werkstattservice\">Weiterlesen<\/a><\/p>\n","protected":false},"author":1,"featured_media":0,"parent":0,"menu_order":0,"comment_status":"open","ping_status":"open","template":"page-fullwidth.php","meta":{"spay_email":""},"jetpack_sharing_enabled":true,"jetpack_shortlink":"https:\/\/wp.me\/P5Q9We-6E","_links":{"self":[{"href":"https:\/\/www.hs-niedringhaus.de\/index.php?rest_route=\/wp\/v2\/pages\/412"}],"collection":[{"href":"https:\/\/www.hs-niedringhaus.de\/index.php?rest_route=\/wp\/v2\/pages"}],"about":[{"href":"https:\/\/www.hs-niedringhaus.de\/index.php?rest_route=\/wp\/v2\/types\/page"}],"author":[{"embeddable":true,"href":"https:\/\/www.hs-niedringhaus.de\/index.php?rest_route=\/wp\/v2\/users\/1"}],"replies":[{"embeddable":true,"href":"https:\/\/www.hs-niedringhaus.de\/index.php?rest_route=%2Fwp%2Fv2%2Fcomments&post=412"}],"version-history":[{"count":14,"href":"https:\/\/www.hs-niedringhaus.de\/index.php?rest_route=\/wp\/v2\/pages\/412\/revisions"}],"predecessor-version":[{"id":739,"href":"https:\/\/www.hs-niedringhaus.de\/index.php?rest_route=\/wp\/v2\/pages\/412\/revisions\/739"}],"wp:attachment":[{"href":"https:\/\/www.hs-niedringhaus.de\/index.php?rest_route=%2Fwp%2Fv2%2Fmedia&parent=412"}],"curies":[{"name":"wp","href":"https:\/\/api.w.org\/{rel}","templated":true}]}}