{"id":414,"date":"2015-02-01T21:43:34","date_gmt":"2015-02-01T21:43:34","guid":{"rendered":"http:\/\/www.hs-niedringhaus.de\/?page_id=414"},"modified":"2018-03-04T13:20:11","modified_gmt":"2018-03-04T13:20:11","slug":"winterdienst","status":"publish","type":"page","link":"https:\/\/www.hs-niedringhaus.de\/?page_id=414","title":{"rendered":"Winterdienst"},"content":{"rendered":"<div id=\"pl-414\"  class=\"panel-layout\" ><div id=\"pg-414-0\"  class=\"panel-grid panel-no-style\" ><div id=\"pgc-414-0-0\"  class=\"panel-grid-cell\" ><div id=\"panel-414-0-0-0\" class=\"so-panel widget panel-first-child panel-last-child\" data-index=\"0\" ><\/div><\/div><\/div><div id=\"pg-414-1\"  class=\"panel-grid panel-no-style\" ><div id=\"pgc-414-1-0\"  class=\"panel-grid-cell\" ><div id=\"panel-414-1-0-0\" class=\"so-panel widget widget_sow-editor panel-first-child panel-last-child\" data-index=\"1\" ><div class=\"so-widget-sow-editor so-widget-sow-editor-base\">\n<div class=\"siteorigin-widget-tinymce textwidget\">\n\t<p>W\u00e4hrend Sie noch schlafen, schieben und schaufeln wir Ihren Gehweg frei. Genie\u00dfen Sie Ihre freie Zeit und lehnen sich ganz entspannt zur\u00fcck w\u00e4hrnde wir die komplette R\u00e4um und Streupflicht \u00fcbernehmen.<\/p>\n<p>Egal ob Weihnachten oder der Jahreswechsel, Sie k\u00f6nnen sich immer auf uns verlassen.<\/p>\n<p>Durch die Bevorratung von Streusalz in gro\u00dfen Mengen sind wir auch in der Lage Ihre Lagerkapazit\u00e4ten an Streusalz wieder aufzuf\u00fcllen.<\/p>\n<p>Wir sind spezialisiert f\u00fcr:<\/p>\n<ul>\n<li>Beseitigung von Eis und Schnee auf Verkehrswegen, Gehwegen, Parkpl\u00e4tzen und \u00f6ffentlichen Anlagen<\/li>\n<li>Reparatur von Frostsch\u00e4den an Fahrbahnen<\/li>\n<li>Beschaffung von Streusalz<\/li>\n<\/ul>\n<p>&nbsp;<\/p>\n<p>Sprechen Sie uns an!<\/p>\n<p>&nbsp;<\/p>\n<div id=\"kad-wp-gallery715\" class=\"kad-wp-gallery gallery kt-gallery-column-3 init-isotope-intrinsic reinit-isotope kad-light-wp-gallery clearfix rowtight\" data-fade-in=\"1\" data-iso-selector=\".g_item\" data-iso-style=\"masonry\" data-iso-filter=\"false\"><div class=\"tcol-lg-4 tcol-md-4 tcol-sm-4 tcol-xs-6 tcol-ss-12 g_item\"><div class=\"grid_item kt_item_fade_in kad_gallery_fade_in gallery_item\"><div class=\"kt-intrinsic\" style=\"padding-bottom:133.33333333333%;\"><div itemprop=\"image\" itemscope itemtype=\"https:\/\/schema.org\/ImageObject\"><img width=\"366\" height=\"488\" src=\"https:\/\/www.hs-niedringhaus.de\/wp-content\/uploads\/2015\/02\/IMG_0228-e1424635814658-366x488.jpg\" srcset=\"https:\/\/www.hs-niedringhaus.de\/wp-content\/uploads\/2015\/02\/IMG_0228-e1424635814658-366x488.jpg 366w, https:\/\/www.hs-niedringhaus.de\/wp-content\/uploads\/2015\/02\/IMG_0228-e1424635814658-225x300.jpg 225w, https:\/\/www.hs-niedringhaus.de\/wp-content\/uploads\/2015\/02\/IMG_0228-e1424635814658-768x1024.jpg 768w, https:\/\/www.hs-niedringhaus.de\/wp-content\/uploads\/2015\/02\/IMG_0228-e1424635814658-732x976.jpg 732w\" sizes=\"(max-width: 366px) 100vw, 366px\" data-caption=\"\" class=\"light-dropshaddow\" itemprop=\"contentUrl\" alt=\"\"><meta itemprop=\"url\" content=\"https:\/\/www.hs-niedringhaus.de\/wp-content\/uploads\/2015\/02\/IMG_0228-e1424635814658-366x488.jpg\"><meta itemprop=\"width\" content=\"366px\"><meta itemprop=\"height\" content=\"488px\"><\/div><\/div><\/div><\/div><div class=\"tcol-lg-4 tcol-md-4 tcol-sm-4 tcol-xs-6 tcol-ss-12 g_item\"><div class=\"grid_item kt_item_fade_in kad_gallery_fade_in gallery_item\"><div class=\"kt-intrinsic\" style=\"padding-bottom:53.551912568306%;\"><div itemprop=\"image\" itemscope itemtype=\"https:\/\/schema.org\/ImageObject\"><img width=\"366\" height=\"196\" src=\"https:\/\/www.hs-niedringhaus.de\/wp-content\/uploads\/2015\/02\/IMG_0163-e1452009544304-366x196.jpg\" srcset=\"https:\/\/www.hs-niedringhaus.de\/wp-content\/uploads\/2015\/02\/IMG_0163-e1452009544304-366x196.jpg 366w, https:\/\/www.hs-niedringhaus.de\/wp-content\/uploads\/2015\/02\/IMG_0163-e1452009544304-300x161.jpg 300w, https:\/\/www.hs-niedringhaus.de\/wp-content\/uploads\/2015\/02\/IMG_0163-e1452009544304-1024x549.jpg 1024w, https:\/\/www.hs-niedringhaus.de\/wp-content\/uploads\/2015\/02\/IMG_0163-e1452009544304-732x392.jpg 732w\" sizes=\"(max-width: 366px) 100vw, 366px\" data-caption=\"\" class=\"light-dropshaddow\" itemprop=\"contentUrl\" alt=\"\"><meta itemprop=\"url\" content=\"https:\/\/www.hs-niedringhaus.de\/wp-content\/uploads\/2015\/02\/IMG_0163-e1452009544304-366x196.jpg\"><meta itemprop=\"width\" content=\"366px\"><meta itemprop=\"height\" content=\"196px\"><\/div><\/div><\/div><\/div><\/div>\n<\/div>\n<\/div><\/div><\/div><\/div><\/div>","protected":false},"excerpt":{"rendered":"<p>W\u00e4hrend Sie noch schlafen, schieben und schaufeln wir Ihren Gehweg frei. Genie\u00dfen Sie Ihre freie Zeit und lehnen sich ganz entspannt zur\u00fcck w\u00e4hrnde wir die komplette R\u00e4um und Streupflicht \u00fcbernehmen. Egal ob Weihnachten oder der Jahreswechsel, Sie k\u00f6nnen sich immer &hellip; <a class=\"kt-excerpt-readmore\" href=\"https:\/\/www.hs-niedringhaus.de\/?page_id=414\" aria-label=\"Winterdienst\">Weiterlesen<\/a><\/p>\n","protected":false},"author":1,"featured_media":0,"parent":0,"menu_order":0,"comment_status":"open","ping_status":"open","template":"page-fullwidth.php","meta":{"spay_email":""},"jetpack_sharing_enabled":true,"jetpack_shortlink":"https:\/\/wp.me\/P5Q9We-6G","_links":{"self":[{"href":"https:\/\/www.hs-niedringhaus.de\/index.php?rest_route=\/wp\/v2\/pages\/414"}],"collection":[{"href":"https:\/\/www.hs-niedringhaus.de\/index.php?rest_route=\/wp\/v2\/pages"}],"about":[{"href":"https:\/\/www.hs-niedringhaus.de\/index.php?rest_route=\/wp\/v2\/types\/page"}],"author":[{"embeddable":true,"href":"https:\/\/www.hs-niedringhaus.de\/index.php?rest_route=\/wp\/v2\/users\/1"}],"replies":[{"embeddable":true,"href":"https:\/\/www.hs-niedringhaus.de\/index.php?rest_route=%2Fwp%2Fv2%2Fcomments&post=414"}],"version-history":[{"count":7,"href":"https:\/\/www.hs-niedringhaus.de\/index.php?rest_route=\/wp\/v2\/pages\/414\/revisions"}],"predecessor-version":[{"id":735,"href":"https:\/\/www.hs-niedringhaus.de\/index.php?rest_route=\/wp\/v2\/pages\/414\/revisions\/735"}],"wp:attachment":[{"href":"https:\/\/www.hs-niedringhaus.de\/index.php?rest_route=%2Fwp%2Fv2%2Fmedia&parent=414"}],"curies":[{"name":"wp","href":"https:\/\/api.w.org\/{rel}","templated":true}]}}